{"id":629,"date":"2021-02-18T07:51:12","date_gmt":"2021-02-18T07:51:12","guid":{"rendered":"https:\/\/handgewebt.fabian-heinz-webdesign.de\/?post_type=product&#038;p=629"},"modified":"2023-01-07T11:55:14","modified_gmt":"2023-01-07T09:55:14","slug":"loeckchen","status":"publish","type":"product","link":"https:\/\/test.handgewebt.net\/?product=loeckchen","title":{"rendered":"L\u00f6ckchen"},"content":{"rendered":"","protected":false},"excerpt":{"rendered":"<p>L\u00f6ckchen k\u00f6nnte der Name eines Lamms sein und ist daher der ideale Name f\u00fcr diesen Schal. <\/p>\n<p>Der gr\u00fcn betonte aber trotzdem bunte Schal ist durchzogen von handgef\u00e4rbten Wollocken, die beim Weben eingelegt wurden und frech aus dem Gewebe schauen. <\/p>\n<p>Das handgesponnene Garn ist zum Teil aus Lammwolle, bei manchen F\u00e4den ist Seide mit dabei. In kleinen Mengen wurde auch kommerzielles Garn verwendet um diesen fr\u00f6hlichen Halsw\u00e4rmer zu gestalten.<\/p>\n<p><strong>Material:<\/strong><br \/>\nKette und Schu\u00df: Schurwolle, Seide, Polyamid<\/p>\n<p><strong>Ma\u00dfe:<\/strong> 185cm x 27cm ohne Fransen<br \/>\n<strong>Fransenl\u00e4nge:<\/strong> 10cm<br \/>\n<strong>Gewicht:<\/strong> 300g<\/p>\n","protected":false},"featured_media":1104,"template":"","meta":[],"product_brand":[],"product_cat":[36],"product_tag":[111,51,140,106,109],"class_list":{"0":"post-629","1":"product","2":"type-product","3":"status-publish","4":"has-post-thumbnail","6":"product_cat-schals-tuecher","7":"product_tag-handgesponnen","8":"product_tag-handgewebt","9":"product_tag-locken","10":"product_tag-schal","11":"product_tag-wolle","13":"first","14":"instock","15":"sold-individually","16":"shipping-taxable","17":"purchasable","18":"product-type-simple"},"_links":{"self":[{"href":"https:\/\/test.handgewebt.net\/index.php?rest_route=\/wp\/v2\/product\/629","targetHints":{"allow":["GET"]}}],"collection":[{"href":"https:\/\/test.handgewebt.net\/index.php?rest_route=\/wp\/v2\/product"}],"about":[{"href":"https:\/\/test.handgewebt.net\/index.php?rest_route=\/wp\/v2\/types\/product"}],"wp:featuredmedia":[{"embeddable":true,"href":"https:\/\/test.handgewebt.net\/index.php?rest_route=\/wp\/v2\/media\/1104"}],"wp:attachment":[{"href":"https:\/\/test.handgewebt.net\/index.php?rest_route=%2Fwp%2Fv2%2Fmedia&parent=629"}],"wp:term":[{"taxonomy":"product_brand","embeddable":true,"href":"https:\/\/test.handgewebt.net\/index.php?rest_route=%2Fwp%2Fv2%2Fproduct_brand&post=629"},{"taxonomy":"product_cat","embeddable":true,"href":"https:\/\/test.handgewebt.net\/index.php?rest_route=%2Fwp%2Fv2%2Fproduct_cat&post=629"},{"taxonomy":"product_tag","embeddable":true,"href":"https:\/\/test.handgewebt.net\/index.php?rest_route=%2Fwp%2Fv2%2Fproduct_tag&post=629"}],"curies":[{"name":"wp","href":"https:\/\/api.w.org\/{rel}","templated":true}]}}