{"id":523,"date":"2021-02-02T10:37:21","date_gmt":"2021-02-02T10:37:21","guid":{"rendered":"https:\/\/handgewebt.fabian-heinz-webdesign.de\/?post_type=product&#038;p=523"},"modified":"2025-01-17T10:19:15","modified_gmt":"2025-01-17T08:19:15","slug":"an-der-alten-muehle","status":"publish","type":"product","link":"https:\/\/test.handgewebt.net\/?product=an-der-alten-muehle","title":{"rendered":"An der alten M\u00fchle"},"content":{"rendered":"","protected":false},"excerpt":{"rendered":"<p>Ein Schal aus handgesponnener und handgef\u00e4rbter Schurwolle, und einem Fantasiegarn der belgischen Garnmanufaktur Bart&amp;Francis. Die Wollfasern wurden von der F\u00e4rberin \u201eAn der alten M\u00fchle\u201c getauft, weshalb dieser Name auch der leitende Gedanke beim Design des Schals wurde. Bereits beim Spinnen und anschlie\u00dfenden Zwirnen mit der Hand wurde auf sch\u00f6ne Farb\u00fcberg\u00e4nge geachtet.<\/p>\n<p>Durch eine spezielle Webtechnik schl\u00e4ngelt sich das braune Fantasiegarn auf beiden Seiten des Schals.<\/p>\n<p><strong>Material:<\/strong><br \/>\nKette: 67% Wolle, 33% Nylon, Fantasiegarn ohne Angabe der Zusammensetzung<br \/>\nSchuss: 67% Wolle, 33% Nylon<\/p>\n<p><strong>Ma\u00dfe:<\/strong> 160cm x 32cm ohne Fransen<br \/>\n<strong>Fransenl\u00e4nge:<\/strong> 15cm<br \/>\n<strong>Gewicht:<\/strong> 160g<\/p>\n","protected":false},"featured_media":528,"template":"","meta":[],"product_brand":[],"product_cat":[36],"product_tag":[154,113,51,155,106,108],"class_list":{"0":"post-523","1":"product","2":"type-product","3":"status-publish","4":"has-post-thumbnail","6":"product_cat-schals-tuecher","7":"product_tag-beige","8":"product_tag-handgesponnenes-garn","9":"product_tag-handgewebt","10":"product_tag-ocker","11":"product_tag-schal","12":"product_tag-tuch","14":"first","15":"instock","16":"sold-individually","17":"shipping-taxable","18":"purchasable","19":"product-type-simple"},"_links":{"self":[{"href":"https:\/\/test.handgewebt.net\/index.php?rest_route=\/wp\/v2\/product\/523","targetHints":{"allow":["GET"]}}],"collection":[{"href":"https:\/\/test.handgewebt.net\/index.php?rest_route=\/wp\/v2\/product"}],"about":[{"href":"https:\/\/test.handgewebt.net\/index.php?rest_route=\/wp\/v2\/types\/product"}],"wp:featuredmedia":[{"embeddable":true,"href":"https:\/\/test.handgewebt.net\/index.php?rest_route=\/wp\/v2\/media\/528"}],"wp:attachment":[{"href":"https:\/\/test.handgewebt.net\/index.php?rest_route=%2Fwp%2Fv2%2Fmedia&parent=523"}],"wp:term":[{"taxonomy":"product_brand","embeddable":true,"href":"https:\/\/test.handgewebt.net\/index.php?rest_route=%2Fwp%2Fv2%2Fproduct_brand&post=523"},{"taxonomy":"product_cat","embeddable":true,"href":"https:\/\/test.handgewebt.net\/index.php?rest_route=%2Fwp%2Fv2%2Fproduct_cat&post=523"},{"taxonomy":"product_tag","embeddable":true,"href":"https:\/\/test.handgewebt.net\/index.php?rest_route=%2Fwp%2Fv2%2Fproduct_tag&post=523"}],"curies":[{"name":"wp","href":"https:\/\/api.w.org\/{rel}","templated":true}]}}