{"id":1942,"date":"2025-01-17T11:37:05","date_gmt":"2025-01-17T09:37:05","guid":{"rendered":"https:\/\/handgewebt.net\/?post_type=product&#038;p=1942"},"modified":"2025-01-17T17:44:58","modified_gmt":"2025-01-17T15:44:58","slug":"isarwellen","status":"publish","type":"product","link":"https:\/\/test.handgewebt.net\/?product=isarwellen","title":{"rendered":"Isarwellen"},"content":{"rendered":"","protected":false},"excerpt":{"rendered":"<p>Isarwellen ist ein au\u00dfergew\u00f6hnlicher Schal in einem komplizierten und individuellen Muster.<br \/>\nDer Verlauf der Wellen wurde w\u00e4hrend des Webens festgelegt. Ganz nach Lust, Laune und Gef\u00fchl, wie der Oberlauf der Isar, schl\u00e4ngeln sie sich die Wellen mal sanft, mal rauschend den Schal entlang.<br \/>\nDie dunkelblauen Kettf\u00e4den aus feiner Merinowolle wurden mit der Hand gef\u00e4rbt. Die Farbe ist dadurch nicht gleichm\u00e4\u00dfig intensiv und der Schal bekommt einen noch lebendigeren Eindruck, ohne unruhig zu wirken. Das Muster wird durch hellbeige Seidenf\u00e4den erzeugt. Die Kombination von Dunkelblau und hellem Beige ist weich und harmonisch.<br \/>\nDer Schal legt sich angenehm um den Hals, kratzt nicht, f\u00fchlt sich jedoch zun\u00e4chst etwas fest an. Das liegt an der Seide, die aus hochwertigen, langen Seidenfilamenten besteht. Durch das Tragen des Schals werden diese Fasern zunehmend weich. Je \u00f6fter der Schal getragen wird, je \u00e4lter er wird, umso weicher werden die Seidenfasern.<br \/>\nLassen Sie sich von diesem Schmuckst\u00fcck verzaubern.<\/p>\n<p><strong>Material:<\/strong><br \/>\nKette: 100% Wolle Merino<br \/>\nSchu\u00df: 100% Seide<\/p>\n<p><strong>Ma\u00dfe:<\/strong> 182cm x 31cm ohne Fransen<br \/>\n<strong>Fransenl\u00e4nge:<\/strong> 12cm<\/p>\n","protected":false},"featured_media":1984,"template":"","meta":[],"product_brand":[],"product_cat":[36],"product_tag":[115,51,106,110,109],"class_list":{"0":"post-1942","1":"product","2":"type-product","3":"status-publish","4":"has-post-thumbnail","6":"product_cat-schals-tuecher","7":"product_tag-blau","8":"product_tag-handgewebt","9":"product_tag-schal","10":"product_tag-seide","11":"product_tag-wolle","13":"first","14":"instock","15":"sold-individually","16":"shipping-taxable","17":"purchasable","18":"product-type-simple"},"_links":{"self":[{"href":"https:\/\/test.handgewebt.net\/index.php?rest_route=\/wp\/v2\/product\/1942","targetHints":{"allow":["GET"]}}],"collection":[{"href":"https:\/\/test.handgewebt.net\/index.php?rest_route=\/wp\/v2\/product"}],"about":[{"href":"https:\/\/test.handgewebt.net\/index.php?rest_route=\/wp\/v2\/types\/product"}],"wp:featuredmedia":[{"embeddable":true,"href":"https:\/\/test.handgewebt.net\/index.php?rest_route=\/wp\/v2\/media\/1984"}],"wp:attachment":[{"href":"https:\/\/test.handgewebt.net\/index.php?rest_route=%2Fwp%2Fv2%2Fmedia&parent=1942"}],"wp:term":[{"taxonomy":"product_brand","embeddable":true,"href":"https:\/\/test.handgewebt.net\/index.php?rest_route=%2Fwp%2Fv2%2Fproduct_brand&post=1942"},{"taxonomy":"product_cat","embeddable":true,"href":"https:\/\/test.handgewebt.net\/index.php?rest_route=%2Fwp%2Fv2%2Fproduct_cat&post=1942"},{"taxonomy":"product_tag","embeddable":true,"href":"https:\/\/test.handgewebt.net\/index.php?rest_route=%2Fwp%2Fv2%2Fproduct_tag&post=1942"}],"curies":[{"name":"wp","href":"https:\/\/api.w.org\/{rel}","templated":true}]}}