{"id":1725,"date":"2024-01-03T12:04:08","date_gmt":"2024-01-03T10:04:08","guid":{"rendered":"https:\/\/handgewebt.net\/?post_type=product&#038;p=1725"},"modified":"2024-01-03T12:04:08","modified_gmt":"2024-01-03T10:04:08","slug":"farbenfroh-2","status":"publish","type":"product","link":"https:\/\/test.handgewebt.net\/?product=farbenfroh-2","title":{"rendered":"Farbenfroh 2"},"content":{"rendered":"","protected":false},"excerpt":{"rendered":"<p>Das Geschirrtuch &#8220;Farbenfroh 2&#8221; sorgt f\u00fcr gute Laune in der K\u00fcche oder wo immer es eingesetzt wird. Jede der vier Farben hat ein anderes Grundmuster, das durch ein naturwei\u00dfes Garn in die harmonischen, hellen aber kr\u00e4ftigen Farben eingewebt wurde.<br \/>\n&#8220;Farbenfroh&#8221; ist eine Serie von acht K\u00fcchent\u00fcchern. Jedes Tuch hat ein anderes Webmuster, keines ist wie das andere. In diesem Tuch sind sogar mehrere Muster miteinander kombiniert.<br \/>\nDie Geschirrt\u00fccher &#8220;Farbenfroh&#8221; sind aus einem Material, das oft als Halbleinen, eine Mischung aus Baumwolle und Leinen, bezeichnet wird. Halbleinen trocknet sehr gut, ist fester und strapazierf\u00e4higer als reine Baumwolle, aber knittert nicht so stark wie reines Leinen.<\/p>\n<p><strong>Material:<\/strong> 60% Baumwolle, 40% Leinen<br \/>\n<strong>Ma\u00dfe:<\/strong> 63cm x 39 cm<\/p>\n","protected":false},"featured_media":1723,"template":"","meta":[],"product_brand":[],"product_cat":[38],"product_tag":[49,158,51,52,121,53,108],"class_list":{"0":"post-1725","1":"product","2":"type-product","3":"status-publish","4":"has-post-thumbnail","6":"product_cat-geschirrtuecher","7":"product_tag-geschirrtuch","8":"product_tag-halbleinen","9":"product_tag-handgewebt","10":"product_tag-handtuch","11":"product_tag-heimtextilien","12":"product_tag-kuechentuch","13":"product_tag-tuch","15":"first","16":"instock","17":"sold-individually","18":"shipping-taxable","19":"purchasable","20":"product-type-simple"},"_links":{"self":[{"href":"https:\/\/test.handgewebt.net\/index.php?rest_route=\/wp\/v2\/product\/1725","targetHints":{"allow":["GET"]}}],"collection":[{"href":"https:\/\/test.handgewebt.net\/index.php?rest_route=\/wp\/v2\/product"}],"about":[{"href":"https:\/\/test.handgewebt.net\/index.php?rest_route=\/wp\/v2\/types\/product"}],"wp:featuredmedia":[{"embeddable":true,"href":"https:\/\/test.handgewebt.net\/index.php?rest_route=\/wp\/v2\/media\/1723"}],"wp:attachment":[{"href":"https:\/\/test.handgewebt.net\/index.php?rest_route=%2Fwp%2Fv2%2Fmedia&parent=1725"}],"wp:term":[{"taxonomy":"product_brand","embeddable":true,"href":"https:\/\/test.handgewebt.net\/index.php?rest_route=%2Fwp%2Fv2%2Fproduct_brand&post=1725"},{"taxonomy":"product_cat","embeddable":true,"href":"https:\/\/test.handgewebt.net\/index.php?rest_route=%2Fwp%2Fv2%2Fproduct_cat&post=1725"},{"taxonomy":"product_tag","embeddable":true,"href":"https:\/\/test.handgewebt.net\/index.php?rest_route=%2Fwp%2Fv2%2Fproduct_tag&post=1725"}],"curies":[{"name":"wp","href":"https:\/\/api.w.org\/{rel}","templated":true}]}}