{"id":1654,"date":"2023-06-16T12:24:26","date_gmt":"2023-06-16T10:24:26","guid":{"rendered":"https:\/\/handgewebt.net\/?post_type=product&#038;p=1654"},"modified":"2025-01-17T10:13:37","modified_gmt":"2025-01-17T08:13:37","slug":"angoratraum","status":"publish","type":"product","link":"https:\/\/test.handgewebt.net\/?product=angoratraum","title":{"rendered":"Angoratraum"},"content":{"rendered":"","protected":false},"excerpt":{"rendered":"<p>Dieser luftig, leichte Traum aus 100% bester Angorawolle streichelt die Haut und w\u00e4rmt den Hals. In zarten Farben gehalten ist dieser Schal ein echter Allrouder.<br \/>\nSowohl in der Kette (L\u00e4ngsfasern) als auch im Schu\u00df (Querfasern) wurden ein ungef\u00e4rbtes, hellgraues sowie ein gef\u00e4rbtes rosa\/hellgraues Garn verwendet.<br \/>\nDas gef\u00e4rbte Garns wurde gitterartig eingesetzt, wodurch der Schal eine geometrische, aber nicht strenge Struktur erh\u00e4lt.<br \/>\nDie Kaninchen, deren Fasern f\u00fcr die Wolle versponnen werden, leben bei besten Bedingungen in Deutschlad und werden geschoren (nicht gerupft). Dadurch erh\u00e4lt man lange Wollfasern, die auch locker versponnen beim Tragen kaum fusseln.<\/p>\n<p><strong>Material:<\/strong><br \/>\n100% Angorawolle aus Deutschland<\/p>\n<p><strong>Ma\u00dfe:<\/strong> 150cm x 40cm ohne Fransen<br \/>\n<strong>Fransenl\u00e4nge:<\/strong> 12cm<\/p>\n","protected":false},"featured_media":1655,"template":"","meta":[],"product_brand":[],"product_cat":[36],"product_tag":[141,51,161,162,106,129],"class_list":{"0":"post-1654","1":"product","2":"type-product","3":"status-publish","4":"has-post-thumbnail","6":"product_cat-schals-tuecher","7":"product_tag-angora","8":"product_tag-handgewebt","9":"product_tag-hell","10":"product_tag-rosa","11":"product_tag-schal","12":"product_tag-weich","14":"first","15":"instock","16":"featured","17":"sold-individually","18":"shipping-taxable","19":"purchasable","20":"product-type-simple"},"_links":{"self":[{"href":"https:\/\/test.handgewebt.net\/index.php?rest_route=\/wp\/v2\/product\/1654","targetHints":{"allow":["GET"]}}],"collection":[{"href":"https:\/\/test.handgewebt.net\/index.php?rest_route=\/wp\/v2\/product"}],"about":[{"href":"https:\/\/test.handgewebt.net\/index.php?rest_route=\/wp\/v2\/types\/product"}],"wp:featuredmedia":[{"embeddable":true,"href":"https:\/\/test.handgewebt.net\/index.php?rest_route=\/wp\/v2\/media\/1655"}],"wp:attachment":[{"href":"https:\/\/test.handgewebt.net\/index.php?rest_route=%2Fwp%2Fv2%2Fmedia&parent=1654"}],"wp:term":[{"taxonomy":"product_brand","embeddable":true,"href":"https:\/\/test.handgewebt.net\/index.php?rest_route=%2Fwp%2Fv2%2Fproduct_brand&post=1654"},{"taxonomy":"product_cat","embeddable":true,"href":"https:\/\/test.handgewebt.net\/index.php?rest_route=%2Fwp%2Fv2%2Fproduct_cat&post=1654"},{"taxonomy":"product_tag","embeddable":true,"href":"https:\/\/test.handgewebt.net\/index.php?rest_route=%2Fwp%2Fv2%2Fproduct_tag&post=1654"}],"curies":[{"name":"wp","href":"https:\/\/api.w.org\/{rel}","templated":true}]}}