{"id":1628,"date":"2023-01-18T17:56:41","date_gmt":"2023-01-18T15:56:41","guid":{"rendered":"https:\/\/handgewebt.net\/?post_type=product&#038;p=1628"},"modified":"2025-01-17T10:14:14","modified_gmt":"2025-01-17T08:14:14","slug":"nach-dem-schnee","status":"publish","type":"product","link":"https:\/\/test.handgewebt.net\/?product=nach-dem-schnee","title":{"rendered":"Nach dem Schnee"},"content":{"rendered":"","protected":false},"excerpt":{"rendered":"<p>Die Farben dieses weichen, leichten Kaschmirschals erinnern mich an eine Wiesenlandschaft nach dem Schnee. Das Gras ist nicht mehr braun, hat aber noch nicht das satte, helle Fr\u00fchlingsgr\u00fcn. Hier und da sind noch wei\u00dfe Spuren vom Nachtfrost zu sehen.<\/p>\n<p>Die Idee zu diesem Tuch ist von Helga Jossen, eine begnadete Weberin aus der Schweiz (www.helgaswebstube.ch). Als ich den Schal auf ihrer Homepage gesehen habe, war es nur eine Frage der Zeit, bis ich ihn weben w\u00fcrde. <\/p>\n<p>Ein absolutes Luxusgarn ist das weiche, d\u00fcnne aber flauschige Kaschmirgarn. Locker von Hand verwebt ist daraus ein Tuch entstanden, das sich leicht wie ein Hauch anf\u00fchlt, aber trotzdem w\u00e4rmt. <\/p>\n<p>Die kleinen Quadrate auf dem Stoff entstehen durch das \u00dcberspringen von Quer- und L\u00e4ngsf\u00e4den in definierten Bereichen. Damit diese Sch\u00f6nheit nicht konturlos wird, hat sie einen d\u00fcnnen, dunkelgr\u00fcnen Rahmen bekommen.<\/p>\n<p>Es ist ein wundervolles Gef\u00fchl, diesen Schal zu tragen. Wer sich in diesen zarten Farbtupfer h\u00fcllt, m\u00f6chte ihn nicht mehr ablegen.<\/p>\n<p><strong>Material:<\/strong><br \/>\n50% Kaschmir, 40% Atlasseide, 10% Schurwolle Merino<\/p>\n<p><strong>Ma\u00dfe:<\/strong><br \/>\n50cm x 178cm ohne Fransen<br \/>\n<strong>Fransenl\u00e4nge:<\/strong> 10cm<\/p>\n","protected":false},"featured_media":1610,"template":"","meta":[],"product_brand":[],"product_cat":[36],"product_tag":[152,151,51,150,153,106,108],"class_list":{"0":"post-1628","1":"product","2":"type-product","3":"status-publish","4":"has-post-thumbnail","6":"product_cat-schals-tuecher","7":"product_tag-design","8":"product_tag-gruen","9":"product_tag-handgewebt","10":"product_tag-kaschmir","11":"product_tag-luxus","12":"product_tag-schal","13":"product_tag-tuch","15":"first","16":"instock","17":"sold-individually","18":"shipping-taxable","19":"purchasable","20":"product-type-simple"},"_links":{"self":[{"href":"https:\/\/test.handgewebt.net\/index.php?rest_route=\/wp\/v2\/product\/1628","targetHints":{"allow":["GET"]}}],"collection":[{"href":"https:\/\/test.handgewebt.net\/index.php?rest_route=\/wp\/v2\/product"}],"about":[{"href":"https:\/\/test.handgewebt.net\/index.php?rest_route=\/wp\/v2\/types\/product"}],"wp:featuredmedia":[{"embeddable":true,"href":"https:\/\/test.handgewebt.net\/index.php?rest_route=\/wp\/v2\/media\/1610"}],"wp:attachment":[{"href":"https:\/\/test.handgewebt.net\/index.php?rest_route=%2Fwp%2Fv2%2Fmedia&parent=1628"}],"wp:term":[{"taxonomy":"product_brand","embeddable":true,"href":"https:\/\/test.handgewebt.net\/index.php?rest_route=%2Fwp%2Fv2%2Fproduct_brand&post=1628"},{"taxonomy":"product_cat","embeddable":true,"href":"https:\/\/test.handgewebt.net\/index.php?rest_route=%2Fwp%2Fv2%2Fproduct_cat&post=1628"},{"taxonomy":"product_tag","embeddable":true,"href":"https:\/\/test.handgewebt.net\/index.php?rest_route=%2Fwp%2Fv2%2Fproduct_tag&post=1628"}],"curies":[{"name":"wp","href":"https:\/\/api.w.org\/{rel}","templated":true}]}}