{"id":1529,"date":"2023-01-09T19:04:50","date_gmt":"2023-01-09T17:04:50","guid":{"rendered":"https:\/\/handgewebt.net\/?post_type=product&#038;p=1529"},"modified":"2025-01-17T10:14:50","modified_gmt":"2025-01-17T08:14:50","slug":"turkoosi","status":"publish","type":"product","link":"https:\/\/test.handgewebt.net\/?product=turkoosi","title":{"rendered":"Turkoosi"},"content":{"rendered":"","protected":false},"excerpt":{"rendered":"<p>Turkoosi ist finnisch und bedeutet T\u00fcrkis. Damit ist nicht nur die Farbe gemeint, in der das Tuch handgewebt wurde, sondern auch der Halbedelstein. T\u00fcrkis schimmert aber auch das Gletschereis, gegen dessen K\u00e4lte der Schal sch\u00fctzt.<\/p>\n<p>F\u00fcr dieses Tuch wurden drei verschiedenen Garnen verwendet. Das kr\u00e4ftige Hauptgarn ist ein weiches Merinogarn in einem wundersch\u00f6nen T\u00fcrkiston, der etwas ins gr\u00fcnliche geht. Zwei hellblaue Garne, die noch weicher als das Hauptgarn sind, bilden das gro\u00dfe Muster auf dem t\u00fcrkisen Grund. Je nachdem, welche Bereiche man in dem Muster betrachtet, sieht man eine Rosette oder einen Stern.<\/p>\n<p>Eine spezielle Webtechnik (Deflected Double Weave) bewirkt, dass die beiden Farbgruppen abwechselnd auf der Vorder- und R\u00fcckseite \u00fcber mehrere F\u00e4den flottieren. Flottieren bedeutet, dass ein Faden \u00fcber mehrere F\u00e4den hinweg gef\u00fchrt wird, ohne dass er mit diesem Faden verwebt wird. Er \u00fcberspringt sozusagen einige F\u00e4den. Dadurch entsteht ein etwas dickeres aber weiches Gewebe mit einer unaufdringlichen Dreidimensionalit\u00e4t.<\/p>\n<p>Turkoosi ist ein weicher, warmer und breiter Schal, in den man sich gerne einmummelt. Bei Eis und Schnee, oder einem kalten Wind h\u00e4lt Turkoosi sicher warm und verbreitet gute Laune.<\/p>\n<p><strong>Material:<\/strong><br \/>\nT\u00fcrkises Hauptgarn 100% Schurwolle (Merino)<br \/>\nHellblaues Garn in der Kette 75%Schurwolle (Merino), 25% Angora<br \/>\nHellblaues Garn im Schu\u00df 76% Kaschmir, 7% Seide, 17% Polyamid <\/p>\n<p><strong>Ma\u00dfe:<\/strong> 50cm x 178cm ohne Fransen<br \/>\n<strong>Fransenl\u00e4nge:<\/strong> 10cm<\/p>\n","protected":false},"featured_media":1515,"template":"","meta":[],"product_brand":[],"product_cat":[36],"product_tag":[115,149,51,147,106,108,148],"class_list":{"0":"post-1529","1":"product","2":"type-product","3":"status-publish","4":"has-post-thumbnail","6":"product_cat-schals-tuecher","7":"product_tag-blau","8":"product_tag-deflected-double-weave","9":"product_tag-handgewebt","10":"product_tag-merino","11":"product_tag-schal","12":"product_tag-tuch","13":"product_tag-tuerkis","15":"first","16":"instock","17":"sold-individually","18":"shipping-taxable","19":"purchasable","20":"product-type-simple"},"_links":{"self":[{"href":"https:\/\/test.handgewebt.net\/index.php?rest_route=\/wp\/v2\/product\/1529","targetHints":{"allow":["GET"]}}],"collection":[{"href":"https:\/\/test.handgewebt.net\/index.php?rest_route=\/wp\/v2\/product"}],"about":[{"href":"https:\/\/test.handgewebt.net\/index.php?rest_route=\/wp\/v2\/types\/product"}],"wp:featuredmedia":[{"embeddable":true,"href":"https:\/\/test.handgewebt.net\/index.php?rest_route=\/wp\/v2\/media\/1515"}],"wp:attachment":[{"href":"https:\/\/test.handgewebt.net\/index.php?rest_route=%2Fwp%2Fv2%2Fmedia&parent=1529"}],"wp:term":[{"taxonomy":"product_brand","embeddable":true,"href":"https:\/\/test.handgewebt.net\/index.php?rest_route=%2Fwp%2Fv2%2Fproduct_brand&post=1529"},{"taxonomy":"product_cat","embeddable":true,"href":"https:\/\/test.handgewebt.net\/index.php?rest_route=%2Fwp%2Fv2%2Fproduct_cat&post=1529"},{"taxonomy":"product_tag","embeddable":true,"href":"https:\/\/test.handgewebt.net\/index.php?rest_route=%2Fwp%2Fv2%2Fproduct_tag&post=1529"}],"curies":[{"name":"wp","href":"https:\/\/api.w.org\/{rel}","templated":true}]}}