{"id":1443,"date":"2022-10-24T09:37:15","date_gmt":"2022-10-24T07:37:15","guid":{"rendered":"https:\/\/handgewebt.net\/?post_type=product&#038;p=1443"},"modified":"2025-01-17T10:16:30","modified_gmt":"2025-01-17T08:16:30","slug":"erdbeertuch","status":"publish","type":"product","link":"https:\/\/test.handgewebt.net\/?product=erdbeertuch","title":{"rendered":"Erdbeertuch"},"content":{"rendered":"","protected":false},"excerpt":{"rendered":"<p>Ich wollte ein richtig sch\u00f6nes, weiches, fluffiges, sattrotes Garn f\u00fcr dieses Erdbeertuch. Da es so etwas nicht gab, habe ich mein lieblings Boucl\u00e9egarn selbst gef\u00e4rbt. <\/p>\n<p>In der Mitte des Schals bekommt das Rot einen leichten Orangeton. Der Schussfaden wurde unterschiedlich intensiv gef\u00e4rbt. Die Handf\u00e4rbung bewirkt, dass der Schal lebendig und interessant wirkt. <\/p>\n<p>Nat\u00fcrlich ist das Garn kuschelweich und wunderbar warm. <\/p>\n<p>Den Namen hat der Schal bekommen, da ich die Wolle zur Erdbeerzeit gef\u00e4rbt habe und ich mich von diesem Rot inspirieren lie\u00df.<\/p>\n<p>Ein toller, leichter und wunderbar weicher Farbfleck im Winter.<\/p>\n<p><strong>Material:<\/strong> 80% Wolle, 20% PA<br \/>\n<strong>Ma\u00dfe:<\/strong> 176cm x 45cm, Fransenl\u00e4nge 12cm<br \/>\n<strong>Gewicht:<\/strong> 165g<\/p>\n","protected":false},"featured_media":1437,"template":"","meta":[],"product_brand":[],"product_cat":[36],"product_tag":[126,127,51,124,106,108],"class_list":{"0":"post-1443","1":"product","2":"type-product","3":"status-publish","4":"has-post-thumbnail","6":"product_cat-schals-tuecher","7":"product_tag-bouclee","8":"product_tag-erbeerrot","9":"product_tag-handgewebt","10":"product_tag-rot","11":"product_tag-schal","12":"product_tag-tuch","14":"first","15":"instock","16":"sold-individually","17":"shipping-taxable","18":"purchasable","19":"product-type-simple"},"_links":{"self":[{"href":"https:\/\/test.handgewebt.net\/index.php?rest_route=\/wp\/v2\/product\/1443","targetHints":{"allow":["GET"]}}],"collection":[{"href":"https:\/\/test.handgewebt.net\/index.php?rest_route=\/wp\/v2\/product"}],"about":[{"href":"https:\/\/test.handgewebt.net\/index.php?rest_route=\/wp\/v2\/types\/product"}],"wp:featuredmedia":[{"embeddable":true,"href":"https:\/\/test.handgewebt.net\/index.php?rest_route=\/wp\/v2\/media\/1437"}],"wp:attachment":[{"href":"https:\/\/test.handgewebt.net\/index.php?rest_route=%2Fwp%2Fv2%2Fmedia&parent=1443"}],"wp:term":[{"taxonomy":"product_brand","embeddable":true,"href":"https:\/\/test.handgewebt.net\/index.php?rest_route=%2Fwp%2Fv2%2Fproduct_brand&post=1443"},{"taxonomy":"product_cat","embeddable":true,"href":"https:\/\/test.handgewebt.net\/index.php?rest_route=%2Fwp%2Fv2%2Fproduct_cat&post=1443"},{"taxonomy":"product_tag","embeddable":true,"href":"https:\/\/test.handgewebt.net\/index.php?rest_route=%2Fwp%2Fv2%2Fproduct_tag&post=1443"}],"curies":[{"name":"wp","href":"https:\/\/api.w.org\/{rel}","templated":true}]}}