{"id":1426,"date":"2022-10-10T13:05:32","date_gmt":"2022-10-10T11:05:32","guid":{"rendered":"https:\/\/handgewebt.net\/?post_type=product&#038;p=1426"},"modified":"2023-01-23T21:00:49","modified_gmt":"2023-01-23T19:00:49","slug":"turned-twill-natur-1","status":"publish","type":"product","link":"https:\/\/test.handgewebt.net\/?product=turned-twill-natur-1","title":{"rendered":"Turned Twill Natur 1"},"content":{"rendered":"","protected":false},"excerpt":{"rendered":"<p>Dieses Geschirrtuch wurde mit einem festen Leinengarn in Naturfarbe gewebt. Es ist das erste aus einer Serie von vier T\u00fcchern, die alle mit dem gleichen Garn, jedoch in unterschiedlichen Mustern und L\u00e4ngen gewebt wurden.<br \/>\nTurned Twill ist die englische Bezeichnung der verwendeten Bindung. Je nachdem, wie das Muster gewebt wird, dominiert entweder die Farbe der Kette (L\u00e4ngsf\u00e4den), oder die des Schu\u00dfes (Querf\u00e4den).<br \/>\nBeim letzten Bild sind alle vier T\u00fccher nebeneinander zu sehen. Sie wurden alle von Hand ges\u00e4umt. Dadurch ist keine Saumnaht auf der Vorderseite zu sehen.<br \/>\nJe h\u00e4ufiger das Geschirrtuch benutzt und gewaschen wird, umso weicher und glatter wird es.<\/p>\n<p><strong>Material:<\/strong><br \/>\nKette: 60%Baumwolle, 40% Leinen<br \/>\nSchu\u00df: 100% Leinen<br \/>\n<strong>Gr\u00f6\u00dfe:<\/strong> 67cm x 41cm<\/p>\n","protected":false},"featured_media":1409,"template":"","meta":[],"product_brand":[],"product_cat":[38],"product_tag":[49,121,123,120,122],"class_list":{"0":"post-1426","1":"product","2":"type-product","3":"status-publish","4":"has-post-thumbnail","6":"product_cat-geschirrtuecher","7":"product_tag-geschirrtuch","8":"product_tag-heimtextilien","9":"product_tag-koeper","10":"product_tag-leinen","11":"product_tag-naturfarben","13":"first","14":"outofstock","15":"shipping-taxable","16":"purchasable","17":"product-type-simple"},"_links":{"self":[{"href":"https:\/\/test.handgewebt.net\/index.php?rest_route=\/wp\/v2\/product\/1426","targetHints":{"allow":["GET"]}}],"collection":[{"href":"https:\/\/test.handgewebt.net\/index.php?rest_route=\/wp\/v2\/product"}],"about":[{"href":"https:\/\/test.handgewebt.net\/index.php?rest_route=\/wp\/v2\/types\/product"}],"wp:featuredmedia":[{"embeddable":true,"href":"https:\/\/test.handgewebt.net\/index.php?rest_route=\/wp\/v2\/media\/1409"}],"wp:attachment":[{"href":"https:\/\/test.handgewebt.net\/index.php?rest_route=%2Fwp%2Fv2%2Fmedia&parent=1426"}],"wp:term":[{"taxonomy":"product_brand","embeddable":true,"href":"https:\/\/test.handgewebt.net\/index.php?rest_route=%2Fwp%2Fv2%2Fproduct_brand&post=1426"},{"taxonomy":"product_cat","embeddable":true,"href":"https:\/\/test.handgewebt.net\/index.php?rest_route=%2Fwp%2Fv2%2Fproduct_cat&post=1426"},{"taxonomy":"product_tag","embeddable":true,"href":"https:\/\/test.handgewebt.net\/index.php?rest_route=%2Fwp%2Fv2%2Fproduct_tag&post=1426"}],"curies":[{"name":"wp","href":"https:\/\/api.w.org\/{rel}","templated":true}]}}