{"id":1359,"date":"2022-05-17T13:39:41","date_gmt":"2022-05-17T11:39:41","guid":{"rendered":"https:\/\/handgewebt.net\/?post_type=product&#038;p=1359"},"modified":"2023-01-07T11:35:25","modified_gmt":"2023-01-07T09:35:25","slug":"lila-goldfaedchen","status":"publish","type":"product","link":"https:\/\/test.handgewebt.net\/?product=lila-goldfaedchen","title":{"rendered":"Lila Goldf\u00e4dchen"},"content":{"rendered":"","protected":false},"excerpt":{"rendered":"<p>Das Lila Goldf\u00e4dchen ist ein leichter Schal f\u00fcr jede Jahreszeit. <\/p>\n<p>Die filigranen Goldf\u00e4den aus einem Fantasygarn sind asymmetrisch \u00fcber die L\u00e4nge des Schals verteilt. <\/p>\n<p>Edle Materialien, sowie ein \u00fcberdrehtes, handgesponnenes Wollgarn geben ein angenehmes Tragegef\u00fchl und ein edles Aussehen.<\/p>\n<p>Der \u00fcberdrehte Faden im Schu\u00df bewirkt, dass sich der Schal selbst plissiert, und daher im Laufe des Tragens schm\u00e4ler wird. Wenn man ihn vorsichtig mit Dampf b\u00fcgelt, wird er wieder flacher und breiter, beh\u00e4lt aber eine leichte Dreidimensionalit\u00e4t.<\/p>\n<p>Ein absolutes Unikat mit individueller Note.<\/p>\n<p><strong>Material: <\/strong><br \/>\nKette: 70% Wolle, 30% Seide, Fantasygarn gold<br \/>\nSchuss: 100% Wolle, Fantasygarn gold<\/p>\n<p><strong>Ma\u00dfe:<\/strong> 181cm x 24 cm ohne Fransen<br \/>\n<strong>Fransenl\u00e4nge:<\/strong> 10 cm<br \/>\n<strong>Gewicht:<\/strong> 97g<\/p>\n","protected":false},"featured_media":1353,"template":"","meta":[],"product_brand":[],"product_cat":[36],"product_tag":[101,136,111,51,102,135,106,107,103,109],"class_list":{"0":"post-1359","1":"product","2":"type-product","3":"status-publish","4":"has-post-thumbnail","6":"product_cat-schals-tuecher","7":"product_tag-fruehling","8":"product_tag-glitzer","9":"product_tag-handgesponnen","10":"product_tag-handgewebt","11":"product_tag-herbst","12":"product_tag-plissee","13":"product_tag-schal","14":"product_tag-sommer","15":"product_tag-winter","16":"product_tag-wolle","18":"first","19":"instock","20":"sold-individually","21":"shipping-taxable","22":"purchasable","23":"product-type-simple"},"_links":{"self":[{"href":"https:\/\/test.handgewebt.net\/index.php?rest_route=\/wp\/v2\/product\/1359","targetHints":{"allow":["GET"]}}],"collection":[{"href":"https:\/\/test.handgewebt.net\/index.php?rest_route=\/wp\/v2\/product"}],"about":[{"href":"https:\/\/test.handgewebt.net\/index.php?rest_route=\/wp\/v2\/types\/product"}],"wp:featuredmedia":[{"embeddable":true,"href":"https:\/\/test.handgewebt.net\/index.php?rest_route=\/wp\/v2\/media\/1353"}],"wp:attachment":[{"href":"https:\/\/test.handgewebt.net\/index.php?rest_route=%2Fwp%2Fv2%2Fmedia&parent=1359"}],"wp:term":[{"taxonomy":"product_brand","embeddable":true,"href":"https:\/\/test.handgewebt.net\/index.php?rest_route=%2Fwp%2Fv2%2Fproduct_brand&post=1359"},{"taxonomy":"product_cat","embeddable":true,"href":"https:\/\/test.handgewebt.net\/index.php?rest_route=%2Fwp%2Fv2%2Fproduct_cat&post=1359"},{"taxonomy":"product_tag","embeddable":true,"href":"https:\/\/test.handgewebt.net\/index.php?rest_route=%2Fwp%2Fv2%2Fproduct_tag&post=1359"}],"curies":[{"name":"wp","href":"https:\/\/api.w.org\/{rel}","templated":true}]}}