{"id":62,"date":"2020-10-09T10:27:59","date_gmt":"2020-10-09T10:27:59","guid":{"rendered":"https:\/\/handgewebt.fabian-heinz-webdesign.de\/?page_id=62"},"modified":"2021-03-30T12:14:43","modified_gmt":"2021-03-30T12:14:43","slug":"startseite","status":"publish","type":"page","link":"https:\/\/test.handgewebt.net\/","title":{"rendered":"Startseite"},"content":{"rendered":"\n<div class=\"wp-block-themepunch-revslider revslider\" data-modal=\"false\" data-slidertitle=\"Slider 1\" style=\"\">\n\t\t\t<!-- START Slider 1 REVOLUTION SLIDER 6.7.41 --><p class=\"rs-p-wp-fix\"><\/p>\n\t\t\t<rs-module-wrap id=\"rev_slider_2_1_wrapper\" data-source=\"gallery\" style=\"visibility:hidden;background:transparent;padding:0;margin:0px auto;margin-top:0;margin-bottom:0;\">\n\t\t\t\t<rs-module id=\"rev_slider_2_1\" style=\"\" data-version=\"6.7.41\">\n\t\t\t\t\t<rs-slides style=\"overflow: hidden; position: absolute;\">\n\t\t\t\t\t\t<rs-slide style=\"position: absolute;\" data-key=\"rs-3\" data-title=\"Slide\" data-thumb=\"\/\/test.handgewebt.net\/wp-content\/uploads\/2021\/03\/Startbild_Slider_3-50x100.jpg\" data-anim=\"adpr:false;\" data-in=\"x:100%;\" data-out=\"a:false;\">\n\t\t\t\t\t\t\t<img decoding=\"async\" src=\"\/\/test.handgewebt.net\/wp-content\/plugins\/revslider\/sr6\/assets\/assets\/dummy.png\" alt=\"\" width=\"1240\" height=\"400\" class=\"rev-slidebg tp-rs-img rs-lazyload\" data-lazyload=\"\/\/test.handgewebt.net\/wp-content\/uploads\/2021\/03\/Startbild_Slider_3.jpg\" data-bg=\"p:center bottom;\" data-parallax=\"off\" data-no-retina>\n<!---->\t\t\t\t\t<\/rs-slide>\n\t\t\t\t\t\t<rs-slide style=\"position: absolute;\" data-key=\"rs-4\" data-title=\"Slide\" data-thumb=\"\/\/test.handgewebt.net\/wp-content\/uploads\/2021\/03\/Decke_Slider3-50x100.jpg\" data-in=\"x:100%;\" data-out=\"a:false;\">\n\t\t\t\t\t\t\t<img decoding=\"async\" src=\"\/\/test.handgewebt.net\/wp-content\/plugins\/revslider\/sr6\/assets\/assets\/dummy.png\" alt=\"\" width=\"1240\" height=\"400\" class=\"rev-slidebg tp-rs-img rs-lazyload\" data-lazyload=\"\/\/test.handgewebt.net\/wp-content\/uploads\/2021\/03\/Decke_Slider3.jpg\" data-bg=\"p:0% 50%;\" data-parallax=\"off\" data-no-retina>\n<!---->\t\t\t\t\t<\/rs-slide>\n\t\t\t\t\t\t<rs-slide style=\"position: absolute;\" data-key=\"rs-5\" data-title=\"Slide\" data-thumb=\"\/\/test.handgewebt.net\/wp-content\/uploads\/2021\/03\/Kette_Slider3-50x100.jpg\" data-in=\"x:100%;\" data-out=\"a:false;\">\n\t\t\t\t\t\t\t<img decoding=\"async\" src=\"\/\/test.handgewebt.net\/wp-content\/plugins\/revslider\/sr6\/assets\/assets\/dummy.png\" alt=\"\" width=\"1240\" height=\"400\" class=\"rev-slidebg tp-rs-img rs-lazyload\" data-lazyload=\"\/\/test.handgewebt.net\/wp-content\/uploads\/2021\/03\/Kette_Slider3.jpg\" data-bg=\"p:center top;\" data-parallax=\"off\" data-no-retina>\n<!---->\t\t\t\t\t<\/rs-slide>\n\t\t\t\t\t\t<rs-slide style=\"position: absolute;\" data-key=\"rs-6\" data-title=\"Slide\" data-thumb=\"\/\/test.handgewebt.net\/wp-content\/uploads\/2021\/03\/Mohairschiffchen_Slider3_Kopie-50x100.jpg\" data-in=\"x:100%;\" data-out=\"a:false;\">\n\t\t\t\t\t\t\t<img decoding=\"async\" src=\"\/\/test.handgewebt.net\/wp-content\/plugins\/revslider\/sr6\/assets\/assets\/dummy.png\" alt=\"\" width=\"1240\" height=\"400\" class=\"rev-slidebg tp-rs-img rs-lazyload\" data-lazyload=\"\/\/test.handgewebt.net\/wp-content\/uploads\/2021\/03\/Mohairschiffchen_Slider3_Kopie.jpg\" data-parallax=\"off\" data-no-retina>\n<!---->\t\t\t\t\t<\/rs-slide>\n\t\t\t\t\t\t<rs-slide style=\"position: absolute;\" data-key=\"rs-7\" data-title=\"Slide\" data-thumb=\"\/\/test.handgewebt.net\/wp-content\/uploads\/2021\/03\/Kettbaum-Slider3-Kopie-50x100.jpg\" data-in=\"x:100%;\" data-out=\"a:false;\">\n\t\t\t\t\t\t\t<img decoding=\"async\" src=\"\/\/test.handgewebt.net\/wp-content\/plugins\/revslider\/sr6\/assets\/assets\/dummy.png\" alt=\"\" width=\"1240\" height=\"400\" class=\"rev-slidebg tp-rs-img rs-lazyload\" data-lazyload=\"\/\/test.handgewebt.net\/wp-content\/uploads\/2021\/03\/Kettbaum-Slider3-Kopie.jpg\" data-parallax=\"off\" data-no-retina>\n<!---->\t\t\t\t\t<\/rs-slide>\n\t\t\t\t\t<\/rs-slides>\n\t\t\t\t\t<rs-static-layers><!--\n\n\t\t\t\t\t\t\t--><h2\n\t\t\t\t\t\t\t\tid=\"slider-2-slide-2-layer-7\" \n\t\t\t\t\t\t\t\tclass=\"rs-layer rs-layer-static\"\n\t\t\t\t\t\t\t\tdata-type=\"text\"\n\t\t\t\t\t\t\t\tdata-tsh=\"h:2px,1px,0px,0px;v:2px,1px,0px,0px;b:1px,0px,0px,0px;\"\n\t\t\t\t\t\t\t\tdata-rsp_ch=\"on\"\n\t\t\t\t\t\t\t\tdata-xy=\"x:c;y:m;yo:-63px,-52px,-39px,-24px;\"\n\t\t\t\t\t\t\t\tdata-text=\"w:normal;s:55,45,34,43;l:68,56,42,40;a:center;\"\n\t\t\t\t\t\t\t\tdata-dim=\"w:1000px,825px,626px,386px;h:auto,auto,auto,115px;\"\n\t\t\t\t\t\t\t\tdata-tst=\"w:2px;\"\n\t\t\t\t\t\t\t\tdata-onslides=\"s:1;\"\n\t\t\t\t\t\t\t\tdata-frame_999=\"o:0;st:w;\"\n\t\t\t\t\t\t\t\tstyle=\"z-index:9;font-family:'Verdana', 'Geneva', 'sans-serif';\"\n\t\t\t\t\t\t\t>Urspr\u00fcnglich. Lebendig. Einzigartig. \n\t\t\t\t\t\t\t<\/h2><!--\n\n\t\t\t\t\t\t\t--><a\n\t\t\t\t\t\t\t\tid=\"slider-2-slide-2-layer-8\" \n\t\t\t\t\t\t\t\tclass=\"rs-layer rev-btn rs-layer-static\"\n\t\t\t\t\t\t\t\thref=\"\/?post_type=product\" target=\"_self\" rel=\"nofollow\"\n\t\t\t\t\t\t\t\tdata-type=\"button\"\n\t\t\t\t\t\t\t\tdata-rsp_ch=\"on\"\n\t\t\t\t\t\t\t\tdata-xy=\"x:c;y:m;yo:70px,57px,43px,82px;\"\n\t\t\t\t\t\t\t\tdata-text=\"w:normal;s:26,21,15,22;l:66,54,41,25;fw:500;a:center;\"\n\t\t\t\t\t\t\t\tdata-dim=\"minh:0,none,none,none;\"\n\t\t\t\t\t\t\t\tdata-basealign=\"slide\"\n\t\t\t\t\t\t\t\tdata-onslides=\"s:1;\"\n\t\t\t\t\t\t\t\tdata-padding=\"r:26,21,16,10;l:26,21,16,10;\"\n\t\t\t\t\t\t\t\tdata-border=\"bos:solid;bow:1px,1px,1px,1px;\"\n\t\t\t\t\t\t\t\tdata-frame_999=\"o:0;st:w;\"\n\t\t\t\t\t\t\t\tstyle=\"z-index:10;background-color:rgba(0,0,0,1);font-family:'Verdana', 'Geneva', 'sans-serif';\"\n\t\t\t\t\t\t\t>zu meinen handgewebten Textilien \n\t\t\t\t\t\t\t<\/a><!--\n\t\t\t\t\t--><\/rs-static-layers>\n\t\t\t\t<\/rs-module>\n\t\t\t\t<script>\n\t\t\t\t\tsetREVStartSize({c: 'rev_slider_2_1',rl:[1240,1024,778,480],el:[400,768,500,300],gw:[1240,1024,778,480],gh:[400,768,300,300],type:'standard',justify:'true',layout:'fullwidth',mh:\"0\"});if (window.RS_MODULES!==undefined && window.RS_MODULES.modules!==undefined && window.RS_MODULES.modules[\"revslider21\"]!==undefined) {window.RS_MODULES.modules[\"revslider21\"].once = false;window.revapi2 = undefined;if (window.RS_MODULES.checkMinimal!==undefined) window.RS_MODULES.checkMinimal()}\n\t\t\t\t<\/script>\n\t\t\t<\/rs-module-wrap>\n\t\t\t<!-- END REVOLUTION SLIDER -->\n<\/div>\n\n\n\n<div style=\"height:100px\" aria-hidden=\"true\" class=\"wp-block-spacer\"><\/div>\n\n\n\n<div class=\"wp-block-columns grid-icons is-layout-flex wp-container-core-columns-is-layout-28f84493 wp-block-columns-is-layout-flex\">\n<div class=\"wp-block-column is-layout-flow wp-block-column-is-layout-flow\">\n<center>\n<i class=\"fas fa-sign-language\"><\/i>\n<\/center>\n\n\n\n<p class=\"has-text-align-center has-medium-font-size\">100% Handarbeit<\/p>\n<\/div>\n\n\n\n<div class=\"wp-block-column is-layout-flow wp-block-column-is-layout-flow\">\n<center><i class=\"far fa-heart\"><\/i><\/center>\n\n\n\n<p class=\"has-text-align-center has-medium-font-size\">mit Liebe gemacht<\/p>\n<\/div>\n\n\n\n<div class=\"wp-block-column is-layout-flow wp-block-column-is-layout-flow\">\n<center><i class=\"fas fa-truck\"><\/i><\/center>\n\n\n\n<p class=\"has-text-align-center has-medium-font-size\">versandkostenfrei<\/p>\n<\/div>\n\n\n\n<div class=\"wp-block-column is-layout-flow wp-block-column-is-layout-flow\">\n<center><i class=\"far fa-star\"><\/i><\/center>\n\n\n\n<p class=\"has-text-align-center has-medium-font-size\">sichere Bezahlung<\/p>\n<\/div>\n<\/div>\n\n\n\n<div style=\"height:27px\" aria-hidden=\"true\" class=\"wp-block-spacer\"><\/div>\n\n\n\n<div class=\"wp-block-group optical\"><div class=\"wp-block-group__inner-container is-layout-flow wp-block-group-is-layout-flow\">\n<p class=\"has-text-align-center has-medium-font-size\"><span class=\"mark\">Handgewebte Textilien<\/span> sind immer etwas Besonderes. <\/p>\n\n\n\n<p class=\"has-text-align-center has-medium-font-size\">Jedes Webst\u00fcck hat seinen <span class=\"mark\">eigenen Charakter<\/span> und strahlt eine einzigartige <span class=\"mark\">Lebendigkeit<\/span> aus.<\/p>\n\n\n\n<p class=\"has-text-align-center has-medium-font-size\">  Bereichern Sie Ihr Leben mit <span class=\"mark\">etwas Besonderem<\/span>.<\/p>\n\n\n\n<p class=\"has-text-align-center has-medium-font-size\">Ich w\u00fcnsche Ihnen viel Freude mit meinen Textilien.<\/p>\n<\/div><\/div>\n\n\n\n<div style=\"height:100px\" aria-hidden=\"true\" class=\"wp-block-spacer\"><\/div>\n\n\n\n<div class=\"wp-block-media-text alignfull has-media-on-the-right is-stacked-on-mobile fh-full-width has-text-color has-background\" style=\"background-color:#40c5dc;color:#0071a1;grid-template-columns:auto 23%\"><figure class=\"wp-block-media-text__media\"><img loading=\"lazy\" decoding=\"async\" width=\"979\" height=\"1024\" src=\"https:\/\/test.handgewebt.net\/wp-content\/uploads\/2021\/03\/Bild-am-Webstuhl-2-bearbeitet-979x1024.jpg\" alt=\"\" class=\"wp-image-706 size-full\" srcset=\"https:\/\/test.handgewebt.net\/wp-content\/uploads\/2021\/03\/Bild-am-Webstuhl-2-bearbeitet-979x1024.jpg 979w, https:\/\/test.handgewebt.net\/wp-content\/uploads\/2021\/03\/Bild-am-Webstuhl-2-bearbeitet-287x300.jpg 287w, https:\/\/test.handgewebt.net\/wp-content\/uploads\/2021\/03\/Bild-am-Webstuhl-2-bearbeitet-143x150.jpg 143w, https:\/\/test.handgewebt.net\/wp-content\/uploads\/2021\/03\/Bild-am-Webstuhl-2-bearbeitet-768x803.jpg 768w, https:\/\/test.handgewebt.net\/wp-content\/uploads\/2021\/03\/Bild-am-Webstuhl-2-bearbeitet-1469x1536.jpg 1469w, https:\/\/test.handgewebt.net\/wp-content\/uploads\/2021\/03\/Bild-am-Webstuhl-2-bearbeitet-324x339.jpg 324w, https:\/\/test.handgewebt.net\/wp-content\/uploads\/2021\/03\/Bild-am-Webstuhl-2-bearbeitet-416x435.jpg 416w, https:\/\/test.handgewebt.net\/wp-content\/uploads\/2021\/03\/Bild-am-Webstuhl-2-bearbeitet.jpg 1842w\" sizes=\"auto, (max-width: 979px) 100vw, 979px\" \/><\/figure><div class=\"wp-block-media-text__content\">\n<h2 class=\"fh-margintop has-white-color has-text-color wp-block-heading\">\u00dcber mich<\/h2>\n\n\n\n<p class=\"has-white-color has-text-color has-medium-font-size\">Textilien und mit den H\u00e4nden etwas erschaffen, das sind seit der Jugend meine Leidenschaften. An erster Stelle stehen bei meinen Arbeiten Freude und Begeisterung. Ich glaube an die japanische Philosophie, dass die Liebe und Freude, mit denen etwas erschaffen wurde, an den Benutzer weitergegeben werden kann.<\/p>\n\n\n\n<p class=\"has-white-color has-text-color has-normal-font-size\"><a href=\"\/?page_id=45\" class=\"rank-math-link\">mehr \u00fcber mich&#8230;<\/a><\/p>\n<\/div><\/div>\n\n\n\n<p><\/p>\n\n\n\n<h2 class=\"has-text-align-center fh-link wp-block-heading\"><a href=\"\/?product_cat=schals-tuecher\" class=\"rank-math-link\">Meine handgewebten Schals und T\u00fccher<\/a><\/h2>\n\n\n\n<p><\/p>\n\n\n<div data-block-name=\"woocommerce\/product-category\" data-categories=\"[36]\" data-columns=\"4\" data-content-visibility=\"{&quot;title&quot;:true,&quot;price&quot;:true,&quot;rating&quot;:false,&quot;button&quot;:true}\" data-rows=\"1\" class=\"wc-block-grid wp-block-product-category wp-block-woocommerce-product-category wc-block-product-category has-4-columns alignwide\"><ul class=\"wc-block-grid__products\"><li class=\"wc-block-grid__product\">\n\t\t\t\t<a href=\"https:\/\/test.handgewebt.net\/?product=kristall\" class=\"wc-block-grid__product-link\">\n\t\t\t\t\t\n\t\t\t\t\t<div class=\"wc-block-grid__product-image\"><img loading=\"lazy\" decoding=\"async\" width=\"324\" height=\"503\" src=\"https:\/\/test.handgewebt.net\/wp-content\/uploads\/2025\/01\/PC270265-324x503.jpeg\" class=\"attachment-woocommerce_thumbnail size-woocommerce_thumbnail\" alt=\"Kristall\" srcset=\"https:\/\/test.handgewebt.net\/wp-content\/uploads\/2025\/01\/PC270265-324x503.jpeg 324w, https:\/\/test.handgewebt.net\/wp-content\/uploads\/2025\/01\/PC270265-193x300.jpeg 193w, https:\/\/test.handgewebt.net\/wp-content\/uploads\/2025\/01\/PC270265-660x1024.jpeg 660w, https:\/\/test.handgewebt.net\/wp-content\/uploads\/2025\/01\/PC270265-97x150.jpeg 97w, https:\/\/test.handgewebt.net\/wp-content\/uploads\/2025\/01\/PC270265-768x1192.jpeg 768w, https:\/\/test.handgewebt.net\/wp-content\/uploads\/2025\/01\/PC270265-989x1536.jpeg 989w, https:\/\/test.handgewebt.net\/wp-content\/uploads\/2025\/01\/PC270265-1319x2048.jpeg 1319w, https:\/\/test.handgewebt.net\/wp-content\/uploads\/2025\/01\/PC270265-416x646.jpeg 416w, https:\/\/test.handgewebt.net\/wp-content\/uploads\/2025\/01\/PC270265.jpeg 1649w\" sizes=\"auto, (max-width: 324px) 100vw, 324px\" \/><\/div>\n\t\t\t\t\t<div class=\"wc-block-grid__product-title\">Kristall<\/div>\n\t\t\t\t<\/a>\n\t\t\t\t<div class=\"wc-block-grid__product-price price\"><span class=\"woocommerce-Price-amount amount\">147,00&nbsp;<span class=\"woocommerce-Price-currencySymbol\">&euro;<\/span><\/span><\/div>\n\t\t\t\t\n\t\t\t\t<div class=\"wp-block-button wc-block-grid__product-add-to-cart\"><a href=\"\/index.php?rest_route=%2Fwp%2Fv2%2Fpages%2F62&#038;add-to-cart=1943\" aria-label=\"In den Warenkorb legen: \u201eKristall\u201c\" data-quantity=\"1\" data-product_id=\"1943\" data-product_sku=\"\" data-price=\"147\" rel=\"nofollow\" class=\"wp-block-button__link  add_to_cart_button ajax_add_to_cart\">In den Warenkorb<\/a><\/div>\n\t\t\t<\/li><li class=\"wc-block-grid__product\">\n\t\t\t\t<a href=\"https:\/\/test.handgewebt.net\/?product=kaschmirschal\" class=\"wc-block-grid__product-link\">\n\t\t\t\t\t\n\t\t\t\t\t<div class=\"wc-block-grid__product-image\"><img loading=\"lazy\" decoding=\"async\" width=\"324\" height=\"503\" src=\"https:\/\/test.handgewebt.net\/wp-content\/uploads\/2025\/01\/PC290361-1-324x503.jpeg\" class=\"attachment-woocommerce_thumbnail size-woocommerce_thumbnail\" alt=\"Kaschmirschal\" srcset=\"https:\/\/test.handgewebt.net\/wp-content\/uploads\/2025\/01\/PC290361-1-324x503.jpeg 324w, https:\/\/test.handgewebt.net\/wp-content\/uploads\/2025\/01\/PC290361-1-193x300.jpeg 193w, https:\/\/test.handgewebt.net\/wp-content\/uploads\/2025\/01\/PC290361-1-660x1024.jpeg 660w, https:\/\/test.handgewebt.net\/wp-content\/uploads\/2025\/01\/PC290361-1-97x150.jpeg 97w, https:\/\/test.handgewebt.net\/wp-content\/uploads\/2025\/01\/PC290361-1-768x1192.jpeg 768w, https:\/\/test.handgewebt.net\/wp-content\/uploads\/2025\/01\/PC290361-1-989x1536.jpeg 989w, https:\/\/test.handgewebt.net\/wp-content\/uploads\/2025\/01\/PC290361-1-1319x2048.jpeg 1319w, https:\/\/test.handgewebt.net\/wp-content\/uploads\/2025\/01\/PC290361-1-416x646.jpeg 416w, https:\/\/test.handgewebt.net\/wp-content\/uploads\/2025\/01\/PC290361-1.jpeg 1649w\" sizes=\"auto, (max-width: 324px) 100vw, 324px\" \/><\/div>\n\t\t\t\t\t<div class=\"wc-block-grid__product-title\">Kaschmirschal<\/div>\n\t\t\t\t<\/a>\n\t\t\t\t<div class=\"wc-block-grid__product-price price\"><span class=\"woocommerce-Price-amount amount\">167,00&nbsp;<span class=\"woocommerce-Price-currencySymbol\">&euro;<\/span><\/span><\/div>\n\t\t\t\t\n\t\t\t\t<div class=\"wp-block-button wc-block-grid__product-add-to-cart\"><a href=\"\/index.php?rest_route=%2Fwp%2Fv2%2Fpages%2F62&#038;add-to-cart=1944\" aria-label=\"In den Warenkorb legen: \u201eKaschmirschal\u201c\" data-quantity=\"1\" data-product_id=\"1944\" data-product_sku=\"\" data-price=\"167\" rel=\"nofollow\" class=\"wp-block-button__link  add_to_cart_button ajax_add_to_cart\">In den Warenkorb<\/a><\/div>\n\t\t\t<\/li><li class=\"wc-block-grid__product\">\n\t\t\t\t<a href=\"https:\/\/test.handgewebt.net\/?product=isarwellen\" class=\"wc-block-grid__product-link\">\n\t\t\t\t\t\n\t\t\t\t\t<div class=\"wc-block-grid__product-image\"><img loading=\"lazy\" decoding=\"async\" width=\"324\" height=\"503\" src=\"https:\/\/test.handgewebt.net\/wp-content\/uploads\/2025\/01\/PC280343-324x503.jpeg\" class=\"attachment-woocommerce_thumbnail size-woocommerce_thumbnail\" alt=\"Isarwellen\" srcset=\"https:\/\/test.handgewebt.net\/wp-content\/uploads\/2025\/01\/PC280343-324x503.jpeg 324w, https:\/\/test.handgewebt.net\/wp-content\/uploads\/2025\/01\/PC280343-193x300.jpeg 193w, https:\/\/test.handgewebt.net\/wp-content\/uploads\/2025\/01\/PC280343-659x1024.jpeg 659w, https:\/\/test.handgewebt.net\/wp-content\/uploads\/2025\/01\/PC280343-97x150.jpeg 97w, https:\/\/test.handgewebt.net\/wp-content\/uploads\/2025\/01\/PC280343-768x1193.jpeg 768w, https:\/\/test.handgewebt.net\/wp-content\/uploads\/2025\/01\/PC280343-989x1536.jpeg 989w, https:\/\/test.handgewebt.net\/wp-content\/uploads\/2025\/01\/PC280343-1319x2048.jpeg 1319w, https:\/\/test.handgewebt.net\/wp-content\/uploads\/2025\/01\/PC280343-416x646.jpeg 416w, https:\/\/test.handgewebt.net\/wp-content\/uploads\/2025\/01\/PC280343.jpeg 1617w\" sizes=\"auto, (max-width: 324px) 100vw, 324px\" \/><\/div>\n\t\t\t\t\t<div class=\"wc-block-grid__product-title\">Isarwellen<\/div>\n\t\t\t\t<\/a>\n\t\t\t\t<div class=\"wc-block-grid__product-price price\"><span class=\"woocommerce-Price-amount amount\">123,00&nbsp;<span class=\"woocommerce-Price-currencySymbol\">&euro;<\/span><\/span><\/div>\n\t\t\t\t\n\t\t\t\t<div class=\"wp-block-button wc-block-grid__product-add-to-cart\"><a href=\"\/index.php?rest_route=%2Fwp%2Fv2%2Fpages%2F62&#038;add-to-cart=1942\" aria-label=\"In den Warenkorb legen: \u201eIsarwellen\u201c\" data-quantity=\"1\" data-product_id=\"1942\" data-product_sku=\"\" data-price=\"123\" rel=\"nofollow\" class=\"wp-block-button__link  add_to_cart_button ajax_add_to_cart\">In den Warenkorb<\/a><\/div>\n\t\t\t<\/li><li class=\"wc-block-grid__product\">\n\t\t\t\t<a href=\"https:\/\/test.handgewebt.net\/?product=westend\" class=\"wc-block-grid__product-link\">\n\t\t\t\t\t\n\t\t\t\t\t<div class=\"wc-block-grid__product-image\"><img loading=\"lazy\" decoding=\"async\" width=\"324\" height=\"503\" src=\"https:\/\/test.handgewebt.net\/wp-content\/uploads\/2023\/10\/Westend-1-324x503.jpg\" class=\"attachment-woocommerce_thumbnail size-woocommerce_thumbnail\" alt=\"Westend\" srcset=\"https:\/\/test.handgewebt.net\/wp-content\/uploads\/2023\/10\/Westend-1-324x503.jpg 324w, https:\/\/test.handgewebt.net\/wp-content\/uploads\/2023\/10\/Westend-1-193x300.jpg 193w, https:\/\/test.handgewebt.net\/wp-content\/uploads\/2023\/10\/Westend-1-660x1024.jpg 660w, https:\/\/test.handgewebt.net\/wp-content\/uploads\/2023\/10\/Westend-1-97x150.jpg 97w, https:\/\/test.handgewebt.net\/wp-content\/uploads\/2023\/10\/Westend-1-768x1192.jpg 768w, https:\/\/test.handgewebt.net\/wp-content\/uploads\/2023\/10\/Westend-1-990x1536.jpg 990w, https:\/\/test.handgewebt.net\/wp-content\/uploads\/2023\/10\/Westend-1-1320x2048.jpg 1320w, https:\/\/test.handgewebt.net\/wp-content\/uploads\/2023\/10\/Westend-1-416x645.jpg 416w, https:\/\/test.handgewebt.net\/wp-content\/uploads\/2023\/10\/Westend-1.jpg 1650w\" sizes=\"auto, (max-width: 324px) 100vw, 324px\" \/><\/div>\n\t\t\t\t\t<div class=\"wc-block-grid__product-title\">Westend<\/div>\n\t\t\t\t<\/a>\n\t\t\t\t<div class=\"wc-block-grid__product-price price\"><span class=\"woocommerce-Price-amount amount\">98,00&nbsp;<span class=\"woocommerce-Price-currencySymbol\">&euro;<\/span><\/span><\/div>\n\t\t\t\t\n\t\t\t\t<div class=\"wp-block-button wc-block-grid__product-add-to-cart\"><a href=\"\/index.php?rest_route=%2Fwp%2Fv2%2Fpages%2F62&#038;add-to-cart=1706\" aria-label=\"In den Warenkorb legen: \u201eWestend\u201c\" data-quantity=\"1\" data-product_id=\"1706\" data-product_sku=\"\" data-price=\"98\" rel=\"nofollow\" class=\"wp-block-button__link  add_to_cart_button ajax_add_to_cart\">In den Warenkorb<\/a><\/div>\n\t\t\t<\/li><\/ul><\/div>\n\n\n<p class=\"has-text-align-center\"><a href=\"\/?page_id=290\" class=\"rank-math-link\">Versandkostenfrei innerhalb Deutschlands<\/a><\/p>\n","protected":false},"excerpt":{"rendered":"<p>100% Handarbeit mit Liebe gemacht versandkostenfrei sichere Bezahlung Handgewebte Textilien sind immer etwas Besonderes. Jedes Webst\u00fcck hat seinen eigenen Charakter und strahlt eine einzigartige Lebendigkeit aus. Bereichern Sie Ihr Leben mit etwas Besonderem. Ich w\u00fcnsche Ihnen viel Freude mit meinen Textilien. \u00dcber mich Textilien und mit den H\u00e4nden etwas erschaffen, das sind seit der Jugend [&hellip;]<\/p>\n","protected":false},"author":1,"featured_media":0,"parent":0,"menu_order":0,"comment_status":"closed","ping_status":"closed","template":"template-fullwidth.php","meta":{"footnotes":""},"class_list":["post-62","page","type-page","status-publish","hentry"],"_links":{"self":[{"href":"https:\/\/test.handgewebt.net\/index.php?rest_route=\/wp\/v2\/pages\/62","targetHints":{"allow":["GET"]}}],"collection":[{"href":"https:\/\/test.handgewebt.net\/index.php?rest_route=\/wp\/v2\/pages"}],"about":[{"href":"https:\/\/test.handgewebt.net\/index.php?rest_route=\/wp\/v2\/types\/page"}],"author":[{"embeddable":true,"href":"https:\/\/test.handgewebt.net\/index.php?rest_route=\/wp\/v2\/users\/1"}],"replies":[{"embeddable":true,"href":"https:\/\/test.handgewebt.net\/index.php?rest_route=%2Fwp%2Fv2%2Fcomments&post=62"}],"version-history":[{"count":90,"href":"https:\/\/test.handgewebt.net\/index.php?rest_route=\/wp\/v2\/pages\/62\/revisions"}],"predecessor-version":[{"id":1036,"href":"https:\/\/test.handgewebt.net\/index.php?rest_route=\/wp\/v2\/pages\/62\/revisions\/1036"}],"wp:attachment":[{"href":"https:\/\/test.handgewebt.net\/index.php?rest_route=%2Fwp%2Fv2%2Fmedia&parent=62"}],"curies":[{"name":"wp","href":"https:\/\/api.w.org\/{rel}","templated":true}]}}