{"id":47,"date":"2020-10-09T10:21:29","date_gmt":"2020-10-09T10:21:29","guid":{"rendered":"https:\/\/handgewebt.fabian-heinz-webdesign.de\/?page_id=47"},"modified":"2021-04-01T13:12:33","modified_gmt":"2021-04-01T13:12:33","slug":"impressum","status":"publish","type":"page","link":"https:\/\/test.handgewebt.net\/?page_id=47","title":{"rendered":"Impressum"},"content":{"rendered":"\n<p>Handgewebt<\/p>\n\n\n\n<p>Sybille Heinz<br>Hofoldingerstrasse 2<br>85635 H\u00f6henkirchen-Siegertsbrunn<br>E-Mail: info@handgewebt.net<br>Telefon: +49151 26393229<\/p>\n\n\n\n<p><\/p>\n\n\n\n<p><strong>Rechtliche Hinweise (Disclaimer)<\/strong><\/p>\n\n\n\n<p>Bitte beachten Sie die wichtigen rechtlichen Hinweise zu den Inhalten, zum Urheberrecht, und zu externen Links.<\/p>\n\n\n\n<p><\/p>\n\n\n\n<p><strong>Inhalte dieser Website<\/strong><\/p>\n\n\n\n<p>Die Inhalte dieser Website werden mit gr\u00f6\u00dftm\u00f6glicher Sorgfalt erstellt. Sollten Sie trotzdem Fehler in der Richtigkeit, Vollst\u00e4ndigkeit und Aktualit\u00e4t der bereitgestellten Inhalte erkennen, bitte ich Sie mich sofort \u00fcber das <a href=\"\/kontakt\/\" class=\"rank-math-link\">Kontaktformular <\/a>dar\u00fcber zu informieren.<\/p>\n\n\n\n<p><\/p>\n\n\n\n<p><strong>Urheberrecht<\/strong><\/p>\n\n\n\n<p>Alle Inhalte und Strukturen dieser Website sind urheber- und leistungsschutzrechtlich gesch\u00fctzt. Die Ver\u00f6ffentlichung im World Wide Web oder in sonstigen Diensten des Internets bedeutet noch keine Einverst\u00e4ndniserkl\u00e4rung f\u00fcr eine anderweitige Nutzung durch Dritte. Jede vom deutschen Urheberrecht nicht zugelassene Verwertung bedarf der vorherigen schriftlichen Zustimmung von Handgewebt.<br><br>Handgewebt erlaubt ausdr\u00fccklich das Setzen von Links auf unsere Website, solange kenntlich gemacht wird, dass es sich um Inhalte der Website von Handgewebt handelt und diese Inhalte nicht in Verbindung mit Inhalten Dritter gebracht werden, die den Interessen von Handgewebt widersprechen.<\/p>\n\n\n\n<p><\/p>\n\n\n\n<p><strong>Hinweis zur Problematik von externen Links<\/strong><\/p>\n\n\n\n<p>Handgewebt ist als Inhaltsanbieter nach \u00a7 7 Abs.1 Telemediengesetz f\u00fcr die \u201ceigenen Inhalte\u201d, die sie zur Nutzung bereith\u00e4lt, nach den allgemeinen Gesetzen verantwortlich. Von diesen eigenen Inhalten sind Querverweise (\u201cLinks\u201d) auf die von anderen Anbietern bereitgehaltenen Inhalte zu unterscheiden. Durch den Querverweis h\u00e4lt Handgewebt insofern \u201cfremde Inhalte\u201d zur Nutzung bereit, die in dieser Weise gekennzeichnet sind:<br><br>Bei \u201cLinks\u201d handelt es sich stets um \u201clebende\u201d (dynamische) Verweisungen. Handgewebt hat bei der erstmaligen Verkn\u00fcpfung zwar den fremden Inhalt daraufhin \u00fcberpr\u00fcft, ob durch ihn eine m\u00f6gliche zivilrechtliche oder strafrechtliche Verantwortlichkeit ausgel\u00f6st wird. Sie \u00fcberpr\u00fcft aber die Inhalte nicht st\u00e4ndig auf Ver\u00e4nderungen, die eine Verantwortlichkeit neu begr\u00fcnden k\u00f6nnten. Wenn sie feststellt oder von anderen darauf hingewiesen wird, dass ein konkretes Angebot, zu dem sie einen Link bereitgestellt hat, eine zivil- oder strafrechtliche Verantwortlichkeit ausl\u00f6st, wird sie den Verweis auf dieses Angebot aufheben.<\/p>\n\n<div class=\"woocommerce woocommerce-gzd woocommerce-gzd-complaints-shortcode\">\n\t\t\t<h3>Alternative Streitbeilegung gem\u00e4\u00df Art. 14 Abs. 1 ODR-VO und \u00a7 36 VSBG:<\/h3>\n\t\nZur Teilnahme an einem Streitbeilegungsverfahren vor einer Verbraucherschlichtungsstelle sind wir nicht verpflichtet und nicht bereit.<\/div>","protected":false},"excerpt":{"rendered":"<p>Handgewebt Sybille HeinzHofoldingerstrasse 285635 H\u00f6henkirchen-SiegertsbrunnE-Mail: info@handgewebt.netTelefon: +49151 26393229 Rechtliche Hinweise (Disclaimer) Bitte beachten Sie die wichtigen rechtlichen Hinweise zu den Inhalten, zum Urheberrecht, und zu externen Links. Inhalte dieser Website Die Inhalte dieser Website werden mit gr\u00f6\u00dftm\u00f6glicher Sorgfalt erstellt. Sollten Sie trotzdem Fehler in der Richtigkeit, Vollst\u00e4ndigkeit und Aktualit\u00e4t der bereitgestellten Inhalte erkennen, bitte ich [&hellip;]<\/p>\n","protected":false},"author":1,"featured_media":0,"parent":0,"menu_order":0,"comment_status":"closed","ping_status":"closed","template":"template-fullwidth.php","meta":{"footnotes":""},"class_list":["post-47","page","type-page","status-publish","hentry"],"_links":{"self":[{"href":"https:\/\/test.handgewebt.net\/index.php?rest_route=\/wp\/v2\/pages\/47","targetHints":{"allow":["GET"]}}],"collection":[{"href":"https:\/\/test.handgewebt.net\/index.php?rest_route=\/wp\/v2\/pages"}],"about":[{"href":"https:\/\/test.handgewebt.net\/index.php?rest_route=\/wp\/v2\/types\/page"}],"author":[{"embeddable":true,"href":"https:\/\/test.handgewebt.net\/index.php?rest_route=\/wp\/v2\/users\/1"}],"replies":[{"embeddable":true,"href":"https:\/\/test.handgewebt.net\/index.php?rest_route=%2Fwp%2Fv2%2Fcomments&post=47"}],"version-history":[{"count":7,"href":"https:\/\/test.handgewebt.net\/index.php?rest_route=\/wp\/v2\/pages\/47\/revisions"}],"predecessor-version":[{"id":1080,"href":"https:\/\/test.handgewebt.net\/index.php?rest_route=\/wp\/v2\/pages\/47\/revisions\/1080"}],"wp:attachment":[{"href":"https:\/\/test.handgewebt.net\/index.php?rest_route=%2Fwp%2Fv2%2Fmedia&parent=47"}],"curies":[{"name":"wp","href":"https:\/\/api.w.org\/{rel}","templated":true}]}}