{"id":45,"date":"2020-10-09T10:21:29","date_gmt":"2020-10-09T10:21:29","guid":{"rendered":"https:\/\/handgewebt.fabian-heinz-webdesign.de\/?page_id=45"},"modified":"2021-03-27T06:25:51","modified_gmt":"2021-03-27T06:25:51","slug":"ueber-mich","status":"publish","type":"page","link":"https:\/\/test.handgewebt.net\/?page_id=45","title":{"rendered":"\u00dcber mich"},"content":{"rendered":"\n<div class=\"wp-block-image\"><figure class=\"alignright size-large is-resized\"><img loading=\"lazy\" decoding=\"async\" src=\"https:\/\/test.handgewebt.net\/wp-content\/uploads\/2020\/11\/Ueber-mich2-1024x768.jpg\" alt=\"\" class=\"wp-image-248\" width=\"609\" height=\"457\"\/><\/figure><\/div>\n\n\n\n<p class=\"has-medium-font-size\">Textilien und mit den H\u00e4nden etwas erschaffen, das sind seit der Jugend meine Leidenschaften. Lange Zeit habe ich diese Leidenschaften mit N\u00e4hen und Stricken f\u00fcr meine Familie und mich ausgelebt, bis ich durch einen Zufall das Spinnen von Wollfasern f\u00fcr mich entdeckt habe. Dadurch bin ich zu einem Handarbeitskreis in einem Heimatmuseum unweit meines Wohnorts gekommen, in dem zwei Webst\u00fchle standen. Einer der Webst\u00fchle wurde benutzt, der andere bedurfte einer gr\u00fcndlichen \u00dcberholung. Dank einer Freundin, die bereits weben konnte, und famili\u00e4rer Unterst\u00fctzung wurde der verwaiste Webstuhl so hergerichtet, dass ich meine ersten Webversuche darauf starten konnte. Mit Hilfe der Freundin, B\u00fcchern und einer Internetcommunity habe ich mir das Weben beigebracht. Am meisten habe ich durch meine Fehler gelernt. Nach wie vor faszinieren mich Webtechniken und Muster, die ich noch nicht kenne, so dass ich immer wieder Neues versuche.<\/p>\n\n\n\n<p class=\"has-medium-font-size\">An erster Stelle stehen bei meinen Arbeiten Freude und Begeisterung. Das beginnt mit der Freude an sch\u00f6nen Garnen. Dabei ist mir die Herkunft der tierischen Fasern wichtig. Ich verwende keine Garne aus tierischen Fasern, wenn diese offensichtlich nicht tiergerecht produziert wurden. Gerne verspinne ich Wollfasern von heimischen oder zumindest europ\u00e4ischen Tieren, die zwar meist nicht so weich sind wie australische Merinowolle, daf\u00fcr aber mehr Struktur und Lebendigkeit haben und bei denen die Tiere ein gutes Leben ohne Qualen (Mulesing) f\u00fchren d\u00fcrfen.<\/p>\n\n\n\n<p class=\"has-medium-font-size\">Nat\u00fcrlich ist es sinnvoller, die langwierigen, unumg\u00e4nglichen Vorarbeiten vor dem eigentlichen Weben gleich f\u00fcr mehrere Webst\u00fccke zu nutzen, da die Zeit der Vorbereitung weitestgehend unabh\u00e4ngig von der L\u00e4nge der Kette und damit der Anzahl der Webst\u00fccke, die daraus gewebt werden k\u00f6nnen, ist. Aber ich habe keinen Spa\u00df an einer \u201eProduktion\u201c. Ich stelle ausschlie\u00dflich Einzelst\u00fccke her und biete daher die Webst\u00fccke nicht in verschiedenen Farb- oder Ma\u00dfvariationen an.<\/p>\n\n\n\n<p class=\"has-medium-font-size\">Mein Ziel ist es nicht, m\u00f6glichst viel Gewinn mit meiner Arbeit zu machen, sondern mit Freude und positiver Energie zu weben. Ich glaube an die japanische Philosophie, dass die Liebe und Freude, mit der etwas erschaffen wurde, an den Benutzer weitergegeben werden kann.<\/p>\n\n\n\n<p><\/p>\n\n\n\n<p class=\"has-text-align-right has-medium-font-size\">         Ich w\u00fcnsche Ihnen viel Freude an meinen Webst\u00fccken<\/p>\n","protected":false},"excerpt":{"rendered":"<p>Textilien und mit den H\u00e4nden etwas erschaffen, das sind seit der Jugend meine Leidenschaften. Lange Zeit habe ich diese Leidenschaften mit N\u00e4hen und Stricken f\u00fcr meine Familie und mich ausgelebt, bis ich durch einen Zufall das Spinnen von Wollfasern f\u00fcr mich entdeckt habe. Dadurch bin ich zu einem Handarbeitskreis in einem Heimatmuseum unweit meines Wohnorts [&hellip;]<\/p>\n","protected":false},"author":1,"featured_media":0,"parent":0,"menu_order":0,"comment_status":"closed","ping_status":"closed","template":"template-fullwidth.php","meta":{"footnotes":""},"class_list":["post-45","page","type-page","status-publish","hentry"],"_links":{"self":[{"href":"https:\/\/test.handgewebt.net\/index.php?rest_route=\/wp\/v2\/pages\/45","targetHints":{"allow":["GET"]}}],"collection":[{"href":"https:\/\/test.handgewebt.net\/index.php?rest_route=\/wp\/v2\/pages"}],"about":[{"href":"https:\/\/test.handgewebt.net\/index.php?rest_route=\/wp\/v2\/types\/page"}],"author":[{"embeddable":true,"href":"https:\/\/test.handgewebt.net\/index.php?rest_route=\/wp\/v2\/users\/1"}],"replies":[{"embeddable":true,"href":"https:\/\/test.handgewebt.net\/index.php?rest_route=%2Fwp%2Fv2%2Fcomments&post=45"}],"version-history":[{"count":13,"href":"https:\/\/test.handgewebt.net\/index.php?rest_route=\/wp\/v2\/pages\/45\/revisions"}],"predecessor-version":[{"id":1007,"href":"https:\/\/test.handgewebt.net\/index.php?rest_route=\/wp\/v2\/pages\/45\/revisions\/1007"}],"wp:attachment":[{"href":"https:\/\/test.handgewebt.net\/index.php?rest_route=%2Fwp%2Fv2%2Fmedia&parent=45"}],"curies":[{"name":"wp","href":"https:\/\/api.w.org\/{rel}","templated":true}]}}