{"id":1811,"date":"2024-01-30T08:32:33","date_gmt":"2024-01-30T06:32:33","guid":{"rendered":"https:\/\/handgewebt.net\/?page_id=1811"},"modified":"2024-01-30T08:35:27","modified_gmt":"2024-01-30T06:35:27","slug":"einfach-mal-selber-weben","status":"publish","type":"page","link":"https:\/\/test.handgewebt.net\/?page_id=1811","title":{"rendered":"Einfach mal selber weben"},"content":{"rendered":"\n<p class=\"has-medium-font-size\">In einem Vorgespr\u00e4ch lernen wir uns kennen. Was w\u00fcnschen Sie sich, was stellen Sie sich vor und was m\u00f6chten Sie gerne weben. Dabei m\u00fcssen wir Ihre W\u00fcnsche mit der zu dieser Zeit auf dem Webstuhl befindlichen Baumwollkette abstimmen.&nbsp;&nbsp;<\/p>\n\n\n\n<p class=\"has-medium-font-size\">Am Kurstag kommen Sie und k\u00f6nnen nach einer Einf\u00fchrung unter Anleitung ein Geschirrtuch, Servietten oder einen Tischl\u00e4ufer mit meinem Material weben.&nbsp;&nbsp;<\/p>\n\n\n\n<p class=\"has-medium-font-size\">Am Ende des Kurses nehmen Sie Ihr Webst\u00fcck zur weiteren Bearbeitung mit nach Hause.\u00a0<\/p>\n\n\n\n<div style=\"height:51px\" aria-hidden=\"true\" class=\"wp-block-spacer\"><\/div>\n\n\n\n<p class=\"has-medium-font-size\">Was Sie brauchen:<\/p>\n\n\n\n<ul class=\"wp-block-list\">\n<li class=\"has-medium-font-size\">Bequeme Kleidung<\/li>\n\n\n\n<li class=\"has-medium-font-size\">Warme Socken im Winter<\/li>\n\n\n\n<li class=\"has-medium-font-size\">Brotzeit und Getr\u00e4nk (au\u00dfer Wasser, Kaffee oder Tee)<\/li>\n<\/ul>\n\n\n\n<div style=\"height:51px\" aria-hidden=\"true\" class=\"wp-block-spacer\"><\/div>\n\n\n\n<p class=\"has-medium-font-size\"><strong>Dauer:<\/strong> 1 Tag (ca. 6 Stunden)<br><strong>Kosten:<\/strong> <br>80.-\u20ac zuz\u00fcglich Materialkosten (abh\u00e4ngig von der L\u00e4nge Ihres Gewebes)<br>Wenn Sie mehr weben m\u00f6chten, bezahlen Sie pro Stunde, die Sie alleine arbeiten 5,- \u20ac, wenn Sie vermehrt Hilfe von mir ben\u00f6tigen 15,- \u20ac.<\/p>\n\n\n\n<div style=\"height:51px\" aria-hidden=\"true\" class=\"wp-block-spacer\"><\/div>\n\n\n\n<p class=\"has-medium-font-size\"><strong>Kontakt:<\/strong> <a href=\"mailto:info@handgewebt.net\">info@handgewebt.net<\/a><\/p>\n","protected":false},"excerpt":{"rendered":"<p>In einem Vorgespr\u00e4ch lernen wir uns kennen. Was w\u00fcnschen Sie sich, was stellen Sie sich vor und was m\u00f6chten Sie gerne weben. Dabei m\u00fcssen wir Ihre W\u00fcnsche mit der zu dieser Zeit auf dem Webstuhl befindlichen Baumwollkette abstimmen.&nbsp;&nbsp; Am Kurstag kommen Sie und k\u00f6nnen nach einer Einf\u00fchrung unter Anleitung ein Geschirrtuch, Servietten oder einen Tischl\u00e4ufer [&hellip;]<\/p>\n","protected":false},"author":1,"featured_media":0,"parent":0,"menu_order":0,"comment_status":"closed","ping_status":"closed","template":"template-fullwidth.php","meta":{"footnotes":""},"class_list":["post-1811","page","type-page","status-publish","hentry"],"_links":{"self":[{"href":"https:\/\/test.handgewebt.net\/index.php?rest_route=\/wp\/v2\/pages\/1811","targetHints":{"allow":["GET"]}}],"collection":[{"href":"https:\/\/test.handgewebt.net\/index.php?rest_route=\/wp\/v2\/pages"}],"about":[{"href":"https:\/\/test.handgewebt.net\/index.php?rest_route=\/wp\/v2\/types\/page"}],"author":[{"embeddable":true,"href":"https:\/\/test.handgewebt.net\/index.php?rest_route=\/wp\/v2\/users\/1"}],"replies":[{"embeddable":true,"href":"https:\/\/test.handgewebt.net\/index.php?rest_route=%2Fwp%2Fv2%2Fcomments&post=1811"}],"version-history":[{"count":4,"href":"https:\/\/test.handgewebt.net\/index.php?rest_route=\/wp\/v2\/pages\/1811\/revisions"}],"predecessor-version":[{"id":1815,"href":"https:\/\/test.handgewebt.net\/index.php?rest_route=\/wp\/v2\/pages\/1811\/revisions\/1815"}],"wp:attachment":[{"href":"https:\/\/test.handgewebt.net\/index.php?rest_route=%2Fwp%2Fv2%2Fmedia&parent=1811"}],"curies":[{"name":"wp","href":"https:\/\/api.w.org\/{rel}","templated":true}]}}