{"id":1801,"date":"2024-01-29T19:06:44","date_gmt":"2024-01-29T17:06:44","guid":{"rendered":"https:\/\/handgewebt.net\/?page_id=1801"},"modified":"2024-01-30T17:24:07","modified_gmt":"2024-01-30T15:24:07","slug":"spinn-und-webkurse","status":"publish","type":"page","link":"https:\/\/test.handgewebt.net\/?page_id=1801","title":{"rendered":"Spinn- und Webkurse"},"content":{"rendered":"\n<p class=\"has-medium-font-size\">Sie haben Lust das Weben einmal auszuprobieren oder wollen ein Webst\u00fcck nach Ihren Vorstellungen selber herstellen? M\u00f6chten Sie Hilfe bzw. Tipps bei einzelnen Arbeitsschritten von der Gewebeberechnung bis zur Fertigstellung?<\/p>\n\n\n\n<p class=\"has-medium-font-size\">Oder sind Sie neugierig wie das Spinnen funktioniert und wollen es lernen?<\/p>\n\n\n\n<p class=\"has-medium-font-size\">Ich biete Ihnen individuelle Einzelkurse nach Ihren W\u00fcnschen an. In angenehmer, entspannter Umgebung freue ich mich, Ihnen mein Wissen weiter zu geben.<\/p>\n\n\n\n<p class=\"has-medium-font-size\">Die Kurse finden bei mir in der Wohnung im s\u00fcd\u00f6stlichen Landkreis M\u00fcnchen statt. Ich habe eine kleine Spinnradherde von \u00fcberwiegend modernen Spinnr\u00e4dern, die sie gerne alle ausprobieren d\u00fcrfen.<br>Weben k\u00f6nnen Sie entweder auf einem 8-sch\u00e4ftigen Tischwebstuhl mit Handhebeln, oder auf einem Webstuhl mit Parallelkontermarsch, ebenfalls mit 8 Sch\u00e4ften ausgestattet.<\/p>\n\n\n\n<p class=\"has-medium-font-size\">Ich habe ein Grundkonzept f\u00fcr die Kurse, das jedoch an Ihre Vorstellungen angepasst wird. Inhalt, Ablauf und zeitlicher Rahmen sind flexibel gestaltbar.<\/p>\n\n\n\n<div style=\"height:100px\" aria-hidden=\"true\" class=\"wp-block-spacer\"><\/div>\n\n\n\n<div class=\"wp-block-group\"><div class=\"wp-block-group__inner-container is-layout-constrained wp-block-group-is-layout-constrained\">\n<div class=\"wp-block-columns is-layout-flex wp-container-core-columns-is-layout-28f84493 wp-block-columns-is-layout-flex\">\n<div class=\"wp-block-column is-layout-flow wp-block-column-is-layout-flow\">\n<h2 class=\"wp-block-heading has-text-align-center\">Webkurse<\/h2>\n\n\n<div class=\"wp-block-image\">\n<figure class=\"aligncenter size-large is-resized\"><img loading=\"lazy\" decoding=\"async\" width=\"1024\" height=\"768\" src=\"https:\/\/test.handgewebt.net\/wp-content\/uploads\/2024\/01\/Handwebstuhl-edited-1024x768.jpeg\" alt=\"\" class=\"wp-image-1834\" style=\"width:540px\" srcset=\"https:\/\/test.handgewebt.net\/wp-content\/uploads\/2024\/01\/Handwebstuhl-edited-1024x768.jpeg 1024w, https:\/\/test.handgewebt.net\/wp-content\/uploads\/2024\/01\/Handwebstuhl-edited-300x225.jpeg 300w, https:\/\/test.handgewebt.net\/wp-content\/uploads\/2024\/01\/Handwebstuhl-edited-150x113.jpeg 150w, https:\/\/test.handgewebt.net\/wp-content\/uploads\/2024\/01\/Handwebstuhl-edited-768x576.jpeg 768w, https:\/\/test.handgewebt.net\/wp-content\/uploads\/2024\/01\/Handwebstuhl-edited-1536x1152.jpeg 1536w, https:\/\/test.handgewebt.net\/wp-content\/uploads\/2024\/01\/Handwebstuhl-edited-2048x1537.jpeg 2048w, https:\/\/test.handgewebt.net\/wp-content\/uploads\/2024\/01\/Handwebstuhl-edited-324x243.jpeg 324w, https:\/\/test.handgewebt.net\/wp-content\/uploads\/2024\/01\/Handwebstuhl-edited-416x312.jpeg 416w\" sizes=\"auto, (max-width: 1024px) 100vw, 1024px\" \/><\/figure>\n<\/div>\n\n\n<p class=\"has-medium-font-size\">Sie m\u00f6chten gerne ausprobieren, ob weben Ihnen Spa\u00df macht? Dann ist der Kurs \u201e<a href=\"https:\/\/test.handgewebt.net\/?page_id=1811\" data-type=\"page\" data-id=\"1811\">Einfach mal selber weben<\/a>\u201c der richtige f\u00fcr Sie. Einer der Webst\u00fchle ist mit einer Baumwollkette z.B. f\u00fcr Geschirrt\u00fccher fertig eingerichtet. Sie k\u00f6nnen nach einer kurzen Einf\u00fchrung gleich loslegen und Ihr Webst\u00fcck am Ende des Kurses mitnehmen.<\/p>\n\n\n\n<p class=\"has-medium-font-size\">F\u00fcr den Kurs \u201e<a href=\"https:\/\/test.handgewebt.net\/?page_id=1817\" data-type=\"page\" data-id=\"1817\">Eigenes Projekt<\/a>\u201c arbeiten Sie mit Ihrem eigenen Material. Entweder richte ich Ihnen den Webstuhl damit ein, oder Sie machen alles, von der Gewebeberechnung bis zum Aufbinden der Tritte unter Anleitung und mit Hilfestellung, selber .<\/p>\n\n\n\n<p class=\"has-medium-font-size\">Neben diesen beiden Grundkonzepten k\u00f6nnen Sie auch mit Ihren W\u00fcnschen zu mir kommen, dann stellen wir gemeinsam einen <a href=\"https:\/\/test.handgewebt.net\/?page_id=1819\" data-type=\"page\" data-id=\"1819\">individuellen Kurs<\/a> f\u00fcr Sie zusammen.<\/p>\n\n\n\n<p class=\"has-medium-font-size\">Da ich keine ausgebildete Weberin bin, biete ich ich keine Lehrkurse an. Durch meine langj\u00e4hrige Weberfahrung auf alten und neuen Webst\u00fchlen habe ich verschiedene Methoden rund um das Weben und den Webstuhl kennengelernt. Ich bin der Meinung, dass es kein Richtig oder Falsch gibt, solange das Ergebnis stimmt. Der Spa\u00df und die Freude am Weben stehen bei mir im Vordergrund, jedoch soll das Webst\u00fcck den Regeln der Webkunst entsprechen. Dazu brauchen Sie Ausdauer, eine gewisse Gr\u00fcndlichkeit und Konzentration.<\/p>\n\n\n\n<p class=\"has-medium-font-size\">F\u00fcr weitere Informationen und bei Interesse an einem Kurs, schreiben Sie mir bitte unter <a href=\"mailto:info@handgewebt.net\">info@handgewebt.net<\/a>.<\/p>\n<\/div>\n\n\n\n<div class=\"wp-block-column is-layout-flow wp-block-column-is-layout-flow\">\n<h2 class=\"wp-block-heading has-text-align-center\">Spinnkurse<\/h2>\n\n\n<div class=\"wp-block-image is-style-default\">\n<figure class=\"aligncenter size-large is-resized\"><img loading=\"lazy\" decoding=\"async\" width=\"1024\" height=\"768\" src=\"https:\/\/test.handgewebt.net\/wp-content\/uploads\/2024\/01\/Spinnraeder-1024x768.jpeg\" alt=\"\" class=\"wp-image-1832\" style=\"width:540px\" srcset=\"https:\/\/test.handgewebt.net\/wp-content\/uploads\/2024\/01\/Spinnraeder-1024x768.jpeg 1024w, https:\/\/test.handgewebt.net\/wp-content\/uploads\/2024\/01\/Spinnraeder-300x225.jpeg 300w, https:\/\/test.handgewebt.net\/wp-content\/uploads\/2024\/01\/Spinnraeder-150x113.jpeg 150w, https:\/\/test.handgewebt.net\/wp-content\/uploads\/2024\/01\/Spinnraeder-768x576.jpeg 768w, https:\/\/test.handgewebt.net\/wp-content\/uploads\/2024\/01\/Spinnraeder-1536x1152.jpeg 1536w, https:\/\/test.handgewebt.net\/wp-content\/uploads\/2024\/01\/Spinnraeder-2048x1536.jpeg 2048w, https:\/\/test.handgewebt.net\/wp-content\/uploads\/2024\/01\/Spinnraeder-324x243.jpeg 324w, https:\/\/test.handgewebt.net\/wp-content\/uploads\/2024\/01\/Spinnraeder-416x312.jpeg 416w\" sizes=\"auto, (max-width: 1024px) 100vw, 1024px\" \/><\/figure>\n<\/div>\n\n\n<p class=\"has-medium-font-size\">Den Einsteiger- und Aufbauspinnkurs k\u00f6nnen Sie alleine oder mit einer Freundin\/einem Freund belegen. Bitte bedenken Sie, dass ich bei einem Zweierkurs nicht so intensiv auf Ihre individuellen W\u00fcnsche und Bed\u00fcrfnisse eingehen kann, wie bei einem Einzelkurs.<\/p>\n\n\n\n<p class=\"has-medium-font-size\">F\u00fcr den <a href=\"https:\/\/test.handgewebt.net\/?page_id=1821\" data-type=\"page\" data-id=\"1821\">Einsteigerkurs<\/a> ben\u00f6tigen Sie kein eigenes Spinnrad. Sollten Sie jedoch bereits eines besitzen, bringen Sie es bitte mit.<\/p>\n\n\n\n<p class=\"has-medium-font-size\">F\u00fcr den <a href=\"https:\/\/test.handgewebt.net\/?page_id=1823\" data-type=\"page\" data-id=\"1823\">Aufbaukurs<\/a> sollten Sie einen Faden ohne Probleme und entspannt spinnen k\u00f6nnen, sowie die Einstellungsm\u00f6glichkeiten ihres Spinnrads kennen.<\/p>\n\n\n\n<p class=\"has-medium-font-size\">Im Kurs \u201e<a href=\"https:\/\/test.handgewebt.net\/?page_id=1826\" data-type=\"page\" data-id=\"1826\">Fasern aufbereiten<\/a>\u201c lernen Sie den Umgang mit Handkarden, einer Trommelkarde, Handk\u00e4mmen und dem Kardierbrett. Sie bereiten die Fasern auf bzw. mischen diese, und verspinnen sie gleich.<\/p>\n\n\n\n<p class=\"has-medium-font-size\">Sie m\u00f6chten keinen ganzen Kurs belegen, sondern nur ein, zwei spezielle Techniken kennenlernen? Kein Problem. Wir kl\u00e4ren in einem Vorgespr\u00e4ch ab, was Sie lernen, und womit Sie arbeiten m\u00f6chten.<\/p>\n\n\n\n<p class=\"has-medium-font-size\">F\u00fcr weitere Informationen und bei Interesse an einem Kurs, schreiben Sie mir bitte unter <a href=\"mailto:info@handgewebt.net\">info@handgewebt.net<\/a>.<\/p>\n<\/div>\n<\/div>\n<\/div><\/div>\n","protected":false},"excerpt":{"rendered":"<p>Sie haben Lust das Weben einmal auszuprobieren oder wollen ein Webst\u00fcck nach Ihren Vorstellungen selber herstellen? M\u00f6chten Sie Hilfe bzw. Tipps bei einzelnen Arbeitsschritten von der Gewebeberechnung bis zur Fertigstellung? Oder sind Sie neugierig wie das Spinnen funktioniert und wollen es lernen? Ich biete Ihnen individuelle Einzelkurse nach Ihren W\u00fcnschen an. In angenehmer, entspannter Umgebung [&hellip;]<\/p>\n","protected":false},"author":1,"featured_media":0,"parent":0,"menu_order":0,"comment_status":"closed","ping_status":"closed","template":"template-fullwidth.php","meta":{"footnotes":""},"class_list":["post-1801","page","type-page","status-publish","hentry"],"_links":{"self":[{"href":"https:\/\/test.handgewebt.net\/index.php?rest_route=\/wp\/v2\/pages\/1801","targetHints":{"allow":["GET"]}}],"collection":[{"href":"https:\/\/test.handgewebt.net\/index.php?rest_route=\/wp\/v2\/pages"}],"about":[{"href":"https:\/\/test.handgewebt.net\/index.php?rest_route=\/wp\/v2\/types\/page"}],"author":[{"embeddable":true,"href":"https:\/\/test.handgewebt.net\/index.php?rest_route=\/wp\/v2\/users\/1"}],"replies":[{"embeddable":true,"href":"https:\/\/test.handgewebt.net\/index.php?rest_route=%2Fwp%2Fv2%2Fcomments&post=1801"}],"version-history":[{"count":14,"href":"https:\/\/test.handgewebt.net\/index.php?rest_route=\/wp\/v2\/pages\/1801\/revisions"}],"predecessor-version":[{"id":1845,"href":"https:\/\/test.handgewebt.net\/index.php?rest_route=\/wp\/v2\/pages\/1801\/revisions\/1845"}],"wp:attachment":[{"href":"https:\/\/test.handgewebt.net\/index.php?rest_route=%2Fwp%2Fv2%2Fmedia&parent=1801"}],"curies":[{"name":"wp","href":"https:\/\/api.w.org\/{rel}","templated":true}]}}