{"id":107,"date":"2020-10-09T15:27:28","date_gmt":"2020-10-09T15:27:28","guid":{"rendered":"https:\/\/handgewebt.fabian-heinz-webdesign.de\/?page_id=107"},"modified":"2021-03-30T08:46:50","modified_gmt":"2021-03-30T08:46:50","slug":"wie-ein-schal-entsteht","status":"publish","type":"page","link":"https:\/\/test.handgewebt.net\/?page_id=107","title":{"rendered":"Ein Schal entsteht oder der lange Weg von der Idee zum fertigen Produkt"},"content":{"rendered":"\n<div class=\"wp-block-media-text alignwide has-media-on-the-right is-stacked-on-mobile\" style=\"grid-template-columns:auto 32%\"><figure class=\"wp-block-media-text__media\"><img decoding=\"async\" src=\"https:\/\/test.handgewebt.net\/wp-content\/uploads\/2020\/11\/1.-Farben-300x225.jpg\" alt=\"\" class=\"wp-image-179 size-full\"\/><\/figure><div class=\"wp-block-media-text__content\">\n<p class=\"has-medium-font-size\">Die Idee zu einem Webst\u00fcck kann von vielen Seiten kommen. Mal inspiriert mich ein Garn, das im Regal steht oder das ich gesponnen habe, mal sind es Farben, die ich auf einem Bild oder in der Natur gesehen habe und abbilden m\u00f6chte, oder es inspiriert mich eine bestimmte Webstruktur, ein Webmuster oder eine spezielle Webtechnik, die ich anwenden m\u00f6chte.<br>Bei dem Schal, dessen Entstehungsgeschichte ich hier mitschreibe, wollte ich urspr\u00fcnglich ein Gef\u00fchl ausdr\u00fccken, ein weiches, wohliges Gef\u00fchl. Wie ein ruhiger Herbsttag mit warmen Sonnenstrahlen. Das Garn soll weich und fein sein. Ich stelle Merinomischungen in Erd- und Blaut\u00f6nen zusammen, aber dabei fehlt mir noch die Frische.<\/p>\n<\/div><\/div>\n\n\n\n<p><\/p>\n\n\n\n<div class=\"wp-block-media-text alignwide is-stacked-on-mobile is-vertically-aligned-center\" style=\"grid-template-columns:26% auto\"><figure class=\"wp-block-media-text__media\"><img decoding=\"async\" src=\"https:\/\/test.handgewebt.net\/wp-content\/uploads\/2020\/11\/2.-Farbkarten-2-300x233.jpg\" alt=\"\" class=\"wp-image-180 size-full\"\/><\/figure><div class=\"wp-block-media-text__content\">\n<p class=\"has-medium-font-size\">Farbkarten mit Faserproben werden ausgelegt, um Ideen zu bekommen.<br>Dabei f\u00e4llt mir ein Beerenton ins Auge und pl\u00f6tzlich entsteht die Idee zu einem \u201eBrombeertuch\u201c. Verschiedene Farben von Beerens\u00e4ften sollen miteinander kombiniert werden. Dazu suche ich mir zwei kr\u00e4ftige und einen blassen Beerenton aus.<\/p>\n<\/div><\/div>\n\n\n\n<p><\/p>\n\n\n\n<div class=\"wp-block-media-text alignwide has-media-on-the-right is-stacked-on-mobile is-vertically-aligned-center\" style=\"grid-template-columns:auto 25%\"><figure class=\"wp-block-media-text__media\"><img loading=\"lazy\" decoding=\"async\" width=\"289\" height=\"300\" src=\"https:\/\/test.handgewebt.net\/wp-content\/uploads\/2020\/11\/3.-Desing2-Kopie-02-289x300.jpeg\" alt=\"\" class=\"wp-image-182 size-full\" srcset=\"https:\/\/test.handgewebt.net\/wp-content\/uploads\/2020\/11\/3.-Desing2-Kopie-02-289x300.jpeg 289w, https:\/\/test.handgewebt.net\/wp-content\/uploads\/2020\/11\/3.-Desing2-Kopie-02-987x1024.jpeg 987w, https:\/\/test.handgewebt.net\/wp-content\/uploads\/2020\/11\/3.-Desing2-Kopie-02-145x150.jpeg 145w, https:\/\/test.handgewebt.net\/wp-content\/uploads\/2020\/11\/3.-Desing2-Kopie-02-768x797.jpeg 768w, https:\/\/test.handgewebt.net\/wp-content\/uploads\/2020\/11\/3.-Desing2-Kopie-02-1480x1536.jpeg 1480w, https:\/\/test.handgewebt.net\/wp-content\/uploads\/2020\/11\/3.-Desing2-Kopie-02-324x336.jpeg 324w, https:\/\/test.handgewebt.net\/wp-content\/uploads\/2020\/11\/3.-Desing2-Kopie-02-416x432.jpeg 416w, https:\/\/test.handgewebt.net\/wp-content\/uploads\/2020\/11\/3.-Desing2-Kopie-02.jpeg 1820w\" sizes=\"auto, (max-width: 289px) 100vw, 289px\" \/><\/figure><div class=\"wp-block-media-text__content\">\n<p class=\"has-medium-font-size\">Im n\u00e4chsten Schritt wird festgelegt, welche Bindung und welches Webmuster der Schal bekommen soll. Die Bindung, also die Reihenfolge und die Anzahl in der sich die F\u00e4den kreuzen, beeinflusst, wie fest oder flie\u00dfend das Gewebe ist. Das Webmuster wird sozusagen \u00fcber die Bindung gelegt und bestimmt im Wesentlichen die Optik des Gewebes.<br>Da der Schal weich und flie\u00dfend sein soll, entscheide ich mich f\u00fcr eine K\u00f6perbindung (Jeansstoff ist beispielsweise eine K\u00f6perbindung). Nur welches Webmuster soll es sein? Es werden B\u00fccher gew\u00e4lzt, bereits fertige Webst\u00fccke betrachtet, in Internetforen nach Mustern gesucht, Ideen entworfen und wieder verworfen.<\/p>\n<\/div><\/div>\n\n\n\n<p><\/p>\n\n\n\n<p class=\"has-text-align-left has-medium-font-size\">Langsam entwickelt sich eine konkrete Vorstellung und das Muster wird mit Hilfe des Computers visualisiert.<\/p>\n\n\n\n<div class=\"wp-block-image\"><figure class=\"aligncenter size-large is-resized\"><img loading=\"lazy\" decoding=\"async\" src=\"https:\/\/test.handgewebt.net\/wp-content\/uploads\/2021\/03\/Muster-Brombeertuch-1.jpg\" alt=\"\" class=\"wp-image-991\" width=\"364\" height=\"197\" srcset=\"https:\/\/test.handgewebt.net\/wp-content\/uploads\/2021\/03\/Muster-Brombeertuch-1.jpg 883w, https:\/\/test.handgewebt.net\/wp-content\/uploads\/2021\/03\/Muster-Brombeertuch-1-300x163.jpg 300w, https:\/\/test.handgewebt.net\/wp-content\/uploads\/2021\/03\/Muster-Brombeertuch-1-150x82.jpg 150w, https:\/\/test.handgewebt.net\/wp-content\/uploads\/2021\/03\/Muster-Brombeertuch-1-768x417.jpg 768w, https:\/\/test.handgewebt.net\/wp-content\/uploads\/2021\/03\/Muster-Brombeertuch-1-324x176.jpg 324w, https:\/\/test.handgewebt.net\/wp-content\/uploads\/2021\/03\/Muster-Brombeertuch-1-416x226.jpg 416w\" sizes=\"auto, (max-width: 364px) 100vw, 364px\" \/><\/figure><\/div>\n\n\n\n<p><\/p>\n\n\n\n<p class=\"has-medium-font-size\">Jetzt muss der gesamte Schal berechnet werden. Wie breit und wie lang soll er werden? Danach richten sich die Anzahl und die L\u00e4nge der Kettf\u00e4den (das sind die L\u00e4ngsf\u00e4den des Gewebes). Im Laufe des Entwicklungsprozesses wird der Schal immer breiter und schlie\u00dflich plane ich ein Tuch mit etwa 90cm fertiger Breite und 180cm fertiger L\u00e4nge. Es m\u00fcssen Schrumpfen, Einweben und Zugaben f\u00fcr den Webstuhl eingerechnet werden. Letztendlich brauche ich f\u00fcr das Tuch 824 F\u00e4den \u00e0 270cm L\u00e4nge. <\/p>\n\n\n\n<p class=\"has-medium-font-size\">Die Kettf\u00e4den, kurz Kette genannt, plane ich in dem dunkleren Brombeerton, unterbrochen von Streifen in blassem Rosa. Dazu brauche ich einen Scherplan, der mir anzeigt, wie viele F\u00e4den ich in welcher Farbe und Reihenfolge scheren muss. Scheren bedeutet, alle ben\u00f6tigten F\u00e4den auf die exakt gleiche L\u00e4nge zu bringen. Dies kann beispielsweise mit Hilfe eines Scherbaums gemacht werden.<\/p>\n\n\n\n<p class=\"has-medium-font-size\">Um nicht 824 Mal mit einem Faden die ben\u00f6tigte L\u00e4nge auf den Scherbaum zu wickeln, wird berechnet, wie viel Garn beim Scheren mit vier F\u00e4den ben\u00f6tigt wird. Diese Menge Garn wird auf Spulen gewickelt und anschlie\u00dfend mit vier F\u00e4den gleichzeitig geschert. Das erspart viel Zeit.<\/p>\n\n\n\n<div class=\"wp-block-columns is-layout-flex wp-container-core-columns-is-layout-28f84493 wp-block-columns-is-layout-flex\">\n<div class=\"wp-block-column is-vertically-aligned-bottom is-layout-flow wp-block-column-is-layout-flow\" style=\"flex-basis:33.33%\">\n<div class=\"wp-block-image\"><figure class=\"alignleft size-large\"><img loading=\"lazy\" decoding=\"async\" width=\"678\" height=\"909\" src=\"https:\/\/test.handgewebt.net\/wp-content\/uploads\/2020\/11\/5.1-Zettelspulen.jpg\" alt=\"\" class=\"wp-image-184\" srcset=\"https:\/\/test.handgewebt.net\/wp-content\/uploads\/2020\/11\/5.1-Zettelspulen.jpg 678w, https:\/\/test.handgewebt.net\/wp-content\/uploads\/2020\/11\/5.1-Zettelspulen-224x300.jpg 224w, https:\/\/test.handgewebt.net\/wp-content\/uploads\/2020\/11\/5.1-Zettelspulen-112x150.jpg 112w, https:\/\/test.handgewebt.net\/wp-content\/uploads\/2020\/11\/5.1-Zettelspulen-324x434.jpg 324w, https:\/\/test.handgewebt.net\/wp-content\/uploads\/2020\/11\/5.1-Zettelspulen-416x558.jpg 416w\" sizes=\"auto, (max-width: 678px) 100vw, 678px\" \/><\/figure><\/div>\n<\/div>\n\n\n\n<div class=\"wp-block-column is-layout-flow wp-block-column-is-layout-flow\" style=\"flex-basis:66.66%\">\n<div class=\"wp-block-image\"><figure class=\"alignright size-large\"><img loading=\"lazy\" decoding=\"async\" width=\"895\" height=\"823\" src=\"https:\/\/test.handgewebt.net\/wp-content\/uploads\/2020\/11\/5.2-Scheren-mit-4F.jpg\" alt=\"\" class=\"wp-image-185\" srcset=\"https:\/\/test.handgewebt.net\/wp-content\/uploads\/2020\/11\/5.2-Scheren-mit-4F.jpg 895w, https:\/\/test.handgewebt.net\/wp-content\/uploads\/2020\/11\/5.2-Scheren-mit-4F-300x276.jpg 300w, https:\/\/test.handgewebt.net\/wp-content\/uploads\/2020\/11\/5.2-Scheren-mit-4F-150x138.jpg 150w, https:\/\/test.handgewebt.net\/wp-content\/uploads\/2020\/11\/5.2-Scheren-mit-4F-768x706.jpg 768w, https:\/\/test.handgewebt.net\/wp-content\/uploads\/2020\/11\/5.2-Scheren-mit-4F-324x298.jpg 324w, https:\/\/test.handgewebt.net\/wp-content\/uploads\/2020\/11\/5.2-Scheren-mit-4F-416x383.jpg 416w\" sizes=\"auto, (max-width: 895px) 100vw, 895px\" \/><\/figure><\/div>\n<\/div>\n<\/div>\n\n\n\n<div class=\"wp-block-group is-layout-flow wp-block-group-is-layout-flow\"><div class=\"wp-block-group__inner-container\"><\/div><\/div>\n\n\n\n<p><\/p>\n\n\n\n<p><\/p>\n\n\n\n<p class=\"has-medium-font-size\">Das Vorbereiten der Spulen und Scheren der Kettf\u00e4den dauert bei diesem Tuch knapp eine Stunde.<\/p>\n\n\n\n<div class=\"wp-block-media-text alignwide is-stacked-on-mobile is-vertically-aligned-center\" style=\"grid-template-columns:26% auto\"><figure class=\"wp-block-media-text__media\"><img loading=\"lazy\" decoding=\"async\" width=\"1024\" height=\"771\" src=\"https:\/\/test.handgewebt.net\/wp-content\/uploads\/2020\/11\/6.-Kette-im-Reedekamm-beschriftet-Kopie-1024x771.jpg\" alt=\"\" class=\"wp-image-186 size-full\" srcset=\"https:\/\/test.handgewebt.net\/wp-content\/uploads\/2020\/11\/6.-Kette-im-Reedekamm-beschriftet-Kopie-1024x771.jpg 1024w, https:\/\/test.handgewebt.net\/wp-content\/uploads\/2020\/11\/6.-Kette-im-Reedekamm-beschriftet-Kopie-300x226.jpg 300w, https:\/\/test.handgewebt.net\/wp-content\/uploads\/2020\/11\/6.-Kette-im-Reedekamm-beschriftet-Kopie-150x113.jpg 150w, https:\/\/test.handgewebt.net\/wp-content\/uploads\/2020\/11\/6.-Kette-im-Reedekamm-beschriftet-Kopie-768x578.jpg 768w, https:\/\/test.handgewebt.net\/wp-content\/uploads\/2020\/11\/6.-Kette-im-Reedekamm-beschriftet-Kopie-324x244.jpg 324w, https:\/\/test.handgewebt.net\/wp-content\/uploads\/2020\/11\/6.-Kette-im-Reedekamm-beschriftet-Kopie-416x313.jpg 416w, https:\/\/test.handgewebt.net\/wp-content\/uploads\/2020\/11\/6.-Kette-im-Reedekamm-beschriftet-Kopie.jpg 1088w\" sizes=\"auto, (max-width: 1024px) 100vw, 1024px\" \/><\/figure><div class=\"wp-block-media-text__content\">\n<p class=\"has-medium-font-size\">Nach dem Scheren kommt die Kette auf den Webstuhl. Die F\u00e4den werden hinten am Kettbaum befestigt und in den sogenannten Reedekamm auf dem Webstuhl eingelegt. Der Reedekamm bringt die Kette auf die berechnete Breite.<\/p>\n\n\n\n<p class=\"has-medium-font-size\">Dank des Reedekamms laufen die einzelnen Kettf\u00e4den parallel zueinander, und sie k\u00f6nnen mit einer gleichm\u00e4\u00dfigen Spannung auf den Kettbaum gewickelt werden.<\/p>\n<\/div><\/div>\n\n\n\n<p><\/p>\n\n\n\n<div class=\"wp-block-media-text alignwide has-media-on-the-right is-stacked-on-mobile is-vertically-aligned-top\" style=\"grid-template-columns:auto 31%\"><figure class=\"wp-block-media-text__media\"><img decoding=\"async\" src=\"https:\/\/test.handgewebt.net\/wp-content\/uploads\/2020\/11\/7.-Litzeneinzug-beschriftet-Kopie-1024x768.jpg\" alt=\"\" class=\"wp-image-187 size-full\"\/><\/figure><div class=\"wp-block-media-text__content\">\n<p class=\"has-medium-font-size\">Nach diesem Prozess, den man Aufb\u00e4umen nennt, wird der Reedekamm abmontiert und es beginnt die Sisyphosarbeit. Alle 824 Kettf\u00e4den m\u00fcssen einzeln durch die richtigen Litzen auf den acht Sch\u00e4ften gezogen werden.<\/p>\n\n\n\n<p class=\"has-medium-font-size\">Diese Arbeit ist langwierig, muss aber trotzdem konzentriert erledigt werden, da ein Fehler im Litzeneinzug einen Fehler im gesamten Webst\u00fcck bedeutet.<\/p>\n<\/div><\/div>\n\n\n\n<p><\/p>\n\n\n\n<div class=\"wp-block-image\"><figure class=\"alignleft size-large is-resized\"><img loading=\"lazy\" decoding=\"async\" src=\"https:\/\/test.handgewebt.net\/wp-content\/uploads\/2020\/11\/8.-Blattstich-fertig-beschriftet-Kopie-1024x768.jpg\" alt=\"\" class=\"wp-image-188\" width=\"449\" height=\"337\"\/><\/figure><\/div>\n\n\n\n<p class=\"has-medium-font-size\">Nach dem Litzeneinzug kommt der sogenannte Blattstich. Dabei werden die Kettf\u00e4den durch die Schlitze des Webkamms gezogen. In diesem Fall kommen immer zwei F\u00e4den durch einen Schlitz. Mit dem Webkamm schiebt man beim Weben die quer eingebrachten Schu\u00dff\u00e4den an die richtige Position.<\/p>\n\n\n\n<p class=\"has-medium-font-size\"> Als n\u00e4chstes verkn\u00fcpfe ich die Tritte des Webstuhls mit den richtigen Sch\u00e4ften, damit die gew\u00fcnschte Bindung entsteht.<\/p>\n\n\n\n<p class=\"has-medium-font-size\">Zuletzt werden die Kettf\u00e4den vorne am Warenbaum des Webstuhls angebunden und gleichm\u00e4\u00dfig auf Spannung gebracht.<\/p>\n\n\n\n<p class=\"has-medium-font-size\">Der Prozess des Aufb\u00e4umens, Litzeneinzugs, Blattstichs, Tritte Aufbindens und Anbindens hat fast vier Stunden gedauert.<\/p>\n\n\n\n<p><\/p>\n\n\n\n<div class=\"wp-block-media-text alignwide has-media-on-the-right is-stacked-on-mobile\" style=\"grid-template-columns:auto 32%\"><figure class=\"wp-block-media-text__media\"><img decoding=\"async\" src=\"https:\/\/test.handgewebt.net\/wp-content\/uploads\/2020\/11\/9.-Angewebt-1024x768.jpg\" alt=\"\" class=\"wp-image-189 size-full\"\/><\/figure><div class=\"wp-block-media-text__content\">\n<p class=\"has-medium-font-size\">Erst jetzt, nach diesem langen Prozess des Entwerfens und der Vorbereitungen am Scherbaum und am Webstuhl, kann mit dem eigentlichen Weben begonnen werden.<\/p>\n\n\n\n<p class=\"has-medium-font-size\">Nach sechs Stunden ist das Tuch \u00fcber 2m lang und kann vom Webstuhl abgenommen werden.<\/p>\n<\/div><\/div>\n\n\n\n<p><\/p>\n\n\n\n<div class=\"wp-block-media-text alignwide is-stacked-on-mobile\" style=\"grid-template-columns:26% auto\"><figure class=\"wp-block-media-text__media\"><img decoding=\"async\" src=\"https:\/\/test.handgewebt.net\/wp-content\/uploads\/2020\/11\/10.-Fransen-drehen-768x1024.jpg\" alt=\"\" class=\"wp-image-190 size-full\"\/><\/figure><div class=\"wp-block-media-text__content\">\n<p class=\"has-medium-font-size\">Anschlie\u00dfend m\u00fcssen die Fransen gedreht werden. Damit wird ein Auftrennen des Gewebes verhindert und es sieht h\u00fcbsch aus. Mit Hilfe eines Fransendrehers k\u00f6nnen immer zwei Fransen gleichzeitig hergestellt werden. Dabei werden zwei mal zwei F\u00e4den zu einer Kordel gedreht und am Ende verknotet.<\/p>\n\n\n\n<p class=\"has-medium-font-size\">Bei 824 F\u00e4den bedeutet das, auf jeder Seite 206 Fransen zu drehen. Damit bin ich gut f\u00fcnf Stunden besch\u00e4ftigt.<\/p>\n<\/div><\/div>\n\n\n\n<p><\/p>\n\n\n\n<div class=\"wp-block-media-text alignwide has-media-on-the-right is-stacked-on-mobile\"><figure class=\"wp-block-media-text__media\"><img decoding=\"async\" src=\"https:\/\/test.handgewebt.net\/wp-content\/uploads\/2020\/11\/11.-Brombeertuch-ausgebreitet-1024x881.jpg\" alt=\"\" class=\"wp-image-191 size-full\"\/><\/figure><div class=\"wp-block-media-text__content\">\n<p class=\"has-medium-font-size\">Zuletzt wird das Gewebe gewaschen, nach dem Trocknen ged\u00e4mpft und vers\u00e4ubert. Erst jetzt ist das Tuch wirklich fertig.<\/p>\n<\/div><\/div>\n\n\n\n<p><\/p>\n\n\n\n<p class=\"has-medium-font-size\">Insgesamt war ich \u00fcber 16 Stunden mit der Herstellung des Webst\u00fccks besch\u00e4ftigt, die Zeit f\u00fcr die Ideenfindung, den Entwurf und die Gewebeberechnung nicht eingerechnet.<\/p>\n\n\n\n<p class=\"has-medium-font-size\">Garnverbrauch: 340g<br>Gr\u00f6\u00dfe: 90cm x 185cm<br>Fransenl\u00e4nge 14 cm<br>Gewicht: 300g<\/p>\n","protected":false},"excerpt":{"rendered":"<p>Die Idee zu einem Webst\u00fcck kann von vielen Seiten kommen. Mal inspiriert mich ein Garn, das im Regal steht oder das ich gesponnen habe, mal sind es Farben, die ich auf einem Bild oder in der Natur gesehen habe und abbilden m\u00f6chte, oder es inspiriert mich eine bestimmte Webstruktur, ein Webmuster oder eine spezielle Webtechnik, [&hellip;]<\/p>\n","protected":false},"author":1,"featured_media":0,"parent":784,"menu_order":0,"comment_status":"closed","ping_status":"closed","template":"template-fullwidth.php","meta":{"footnotes":""},"class_list":["post-107","page","type-page","status-publish","hentry"],"_links":{"self":[{"href":"https:\/\/test.handgewebt.net\/index.php?rest_route=\/wp\/v2\/pages\/107","targetHints":{"allow":["GET"]}}],"collection":[{"href":"https:\/\/test.handgewebt.net\/index.php?rest_route=\/wp\/v2\/pages"}],"about":[{"href":"https:\/\/test.handgewebt.net\/index.php?rest_route=\/wp\/v2\/types\/page"}],"author":[{"embeddable":true,"href":"https:\/\/test.handgewebt.net\/index.php?rest_route=\/wp\/v2\/users\/1"}],"replies":[{"embeddable":true,"href":"https:\/\/test.handgewebt.net\/index.php?rest_route=%2Fwp%2Fv2%2Fcomments&post=107"}],"version-history":[{"count":50,"href":"https:\/\/test.handgewebt.net\/index.php?rest_route=\/wp\/v2\/pages\/107\/revisions"}],"predecessor-version":[{"id":998,"href":"https:\/\/test.handgewebt.net\/index.php?rest_route=\/wp\/v2\/pages\/107\/revisions\/998"}],"up":[{"embeddable":true,"href":"https:\/\/test.handgewebt.net\/index.php?rest_route=\/wp\/v2\/pages\/784"}],"wp:attachment":[{"href":"https:\/\/test.handgewebt.net\/index.php?rest_route=%2Fwp%2Fv2%2Fmedia&parent=107"}],"curies":[{"name":"wp","href":"https:\/\/api.w.org\/{rel}","templated":true}]}}