{"id":105,"date":"2020-10-09T15:27:06","date_gmt":"2020-10-09T15:27:06","guid":{"rendered":"https:\/\/handgewebt.fabian-heinz-webdesign.de\/?page_id=105"},"modified":"2021-03-30T08:47:13","modified_gmt":"2021-03-30T08:47:13","slug":"waschanleitung","status":"publish","type":"page","link":"https:\/\/test.handgewebt.net\/?page_id=105","title":{"rendered":"Pflegehinweise"},"content":{"rendered":"\n<p class=\"has-medium-font-size\">Wolle hat die wunderbare F\u00e4higkeit sich selbst zu reinigen, daher m\u00fcssen Schals, T\u00fccher oder Decken, die \u00fcberwiegend aus Schafwolle bestehen, nur selten gewaschen werden. Um Ger\u00fcche zu entfernen, reicht es meist schon, wenn Sie die Webst\u00fccke eine oder zwei N\u00e4chte im Freien aufgeh\u00e4ngt l\u00fcften lassen. Aber nat\u00fcrlich kann man Wolle auch waschen.<\/p>\n\n\n\n<p class=\"has-medium-font-size\">Wolle kann je nach Schafrasse filzen. Um dies zu vermeiden gibt es zwei Grunds\u00e4tze.<\/p>\n\n\n\n<p class=\"has-medium-font-size\">1. Keine gro\u00dfen Temperaturunterschiede des Wassers beim Waschen und Sp\u00fclen.<\/p>\n\n\n\n<p class=\"has-medium-font-size\">2. Bewegen Sie Wolle nur sachte im Wasser. Nicht rubbeln, nicht wringen, nicht stampfen.<\/p>\n\n\n\n<p><\/p>\n\n\n\n<p class=\"has-text-align-left has-medium-font-size\"><strong>Waschempfehlung f\u00fcr Schals und T\u00fccher:<\/strong><br><strong>Damit Sie lange Freude an Ihrem handgewebten Schal oder Tuch haben, waschen Sie diese bitte ausschlie\u00dflich von Hand<\/strong>.<br>Lassen Sie gut warmes, aber nicht hei\u00dfes Wasser aus dem Wasserhahn in das Waschbecken ein. Sparen Sie nicht mit Wasser, das Webst\u00fcck sollte frei im Wasser schwimmen k\u00f6nnen. Geben Sie wenig Wollwaschmittel dazu und tauchen Sie erst jetzt den Schal ein. Warten Sie kurz, bis sich die Fasern mit dem warmen Wasser vollgesaugt haben. Bewegen Sie das Webst\u00fcck nicht zu viel, es reicht, wenn Sie das Tuch immer wieder sacht zusammendr\u00fccken und wieder auseinanderziehen. Einzelne Flecken vorsichtig behandeln. Bitte lassen Sie die Fasern nicht lange einweichen, das mag Wolle nicht gerne.<\/p>\n\n\n\n<p class=\"has-medium-font-size\">Zum Sp\u00fclen das Waschwasser ablassen, den Schal leicht ausdr\u00fccken und erneut warmes Wasser einf\u00fcllen. Den Schal wieder in das Wasser geben, und auch dabei nur sacht bewegen. Sie k\u00f6nnen gerne 2-3 Mal sp\u00fclen.<\/p>\n\n\n\n<p class=\"has-medium-font-size\">Danach den Schal oder das Tuch ausdr\u00fccken \u2013 nicht wringen &#8211; und in ein gro\u00dfes Handtuch eingerollt kr\u00e4ftig ausdr\u00fccken. Zum Trocknen k\u00f6nnen Sie den Schal aufh\u00e4ngen oder flach hinlegen.<\/p>\n\n\n\n<p class=\"has-medium-font-size\">Nach dem Trocknen k\u00f6nnen Sie das Tuch oder den Schal d\u00e4mpfen. Stellen Sie dazu das B\u00fcgeleisen auf die niedrigste Temperatur, mit der noch Dampf erzeugt wird. Halten Sie das B\u00fcgeleisen so, dass es das Webst\u00fcck leicht ber\u00fchrt, aber kein Druck auf das Gewebe kommt. Wenn Sie Gewicht auf die Wolle geben, wird diese zusammengedr\u00fcckt, w\u00e4rmt nicht mehr ganz so gut, bekommt aber dadurch etwas Glanz.<\/p>\n\n\n\n<p><\/p>\n\n\n\n<p class=\"has-medium-font-size\"><strong>Pflegehinweis f\u00fcr Wolldecken:<\/strong><br>Alle Decken sind von mir bereits einmal in der Waschmaschine bei 30\u00b0C im <strong>schonenden Wollwaschgang<\/strong> gewaschen worden. Trotzdem kann ich keine Garantie geben, dass die Decken auch in Ihrer Waschmaschine nicht filzen. Jede Waschmaschine w\u00e4scht leider anders. Wenn Sie sich nicht sicher sind, bitte die Decke mit der Hand waschen.<\/p>\n\n\n\n<p><\/p>\n\n\n\n<p class=\"has-medium-font-size\"><strong>Pflegehinweis f\u00fcr Geschirrt\u00fccher<\/strong>:<br>Die Geschirrt\u00fccher sind nach dem Weben bei 60\u00b0C im Buntw\u00e4scheprogramm gewaschen worden und k\u00f6nnen bedenkenlos in die Waschmaschine. Es kann jedoch trotzdem vorkommen, dass die Geschirrt\u00fccher im Laufe der Zeit etwas k\u00fcrzer und schm\u00e4ler werden. Dies ist dann dem verwendeten Webmuster geschuldet und stellt keinen Mangel dar.<\/p>\n","protected":false},"excerpt":{"rendered":"<p>Wolle hat die wunderbare F\u00e4higkeit sich selbst zu reinigen, daher m\u00fcssen Schals, T\u00fccher oder Decken, die \u00fcberwiegend aus Schafwolle bestehen, nur selten gewaschen werden. Um Ger\u00fcche zu entfernen, reicht es meist schon, wenn Sie die Webst\u00fccke eine oder zwei N\u00e4chte im Freien aufgeh\u00e4ngt l\u00fcften lassen. Aber nat\u00fcrlich kann man Wolle auch waschen. Wolle kann je [&hellip;]<\/p>\n","protected":false},"author":1,"featured_media":0,"parent":784,"menu_order":0,"comment_status":"closed","ping_status":"closed","template":"template-fullwidth.php","meta":{"footnotes":""},"class_list":["post-105","page","type-page","status-publish","hentry"],"_links":{"self":[{"href":"https:\/\/test.handgewebt.net\/index.php?rest_route=\/wp\/v2\/pages\/105","targetHints":{"allow":["GET"]}}],"collection":[{"href":"https:\/\/test.handgewebt.net\/index.php?rest_route=\/wp\/v2\/pages"}],"about":[{"href":"https:\/\/test.handgewebt.net\/index.php?rest_route=\/wp\/v2\/types\/page"}],"author":[{"embeddable":true,"href":"https:\/\/test.handgewebt.net\/index.php?rest_route=\/wp\/v2\/users\/1"}],"replies":[{"embeddable":true,"href":"https:\/\/test.handgewebt.net\/index.php?rest_route=%2Fwp%2Fv2%2Fcomments&post=105"}],"version-history":[{"count":10,"href":"https:\/\/test.handgewebt.net\/index.php?rest_route=\/wp\/v2\/pages\/105\/revisions"}],"predecessor-version":[{"id":1037,"href":"https:\/\/test.handgewebt.net\/index.php?rest_route=\/wp\/v2\/pages\/105\/revisions\/1037"}],"up":[{"embeddable":true,"href":"https:\/\/test.handgewebt.net\/index.php?rest_route=\/wp\/v2\/pages\/784"}],"wp:attachment":[{"href":"https:\/\/test.handgewebt.net\/index.php?rest_route=%2Fwp%2Fv2%2Fmedia&parent=105"}],"curies":[{"name":"wp","href":"https:\/\/api.w.org\/{rel}","templated":true}]}}