{"id":102,"date":"2020-10-09T15:19:38","date_gmt":"2020-10-09T15:19:38","guid":{"rendered":"https:\/\/handgewebt.fabian-heinz-webdesign.de\/?page_id=102"},"modified":"2021-04-01T13:12:33","modified_gmt":"2021-04-01T13:12:33","slug":"agb","status":"publish","type":"page","link":"https:\/\/test.handgewebt.net\/?page_id=102","title":{"rendered":"AGB"},"content":{"rendered":"\n<p><strong>\u00a71 Vertragspartner<\/strong><\/p>\n\n\n\n<p>Handgewebt<br>Sybille Heinz<br>Hofoldingerstr.2<br>85635 H\u00f6henkirchen-Siegertsbrunn<br>Deutschland<br>E-Mail: info@handgewebt.net<\/p>\n\n\n\n<p><\/p>\n\n\n\n<p><strong>\u00a72 Geltungsbereich meiner Allgemeinen Gesch\u00e4ftsbedingungen<\/strong><\/p>\n\n\n\n<p>1. F\u00fcr alle Vertr\u00e4ge die \u00fcber den Online-Shop handgewebt.net abgeschlossen werden, gelten ausschlie\u00dflich die nachfolgenden Allgemeinen Gesch\u00e4ftsbedingungen. Davon abweichende Regelungen werden ausschlie\u00dflich mit meinem schriftlichen Einverst\u00e4ndnis anerkannt.<\/p>\n\n\n\n<p>2. Diese AGB gelten f\u00fcr alle Rechtsgesch\u00e4fte zwischen Handgewebt und einem Verbraucher (Gem\u00e4\u00df \u00a7 13 BGB einer \u201enat\u00fcrlichen Person, die ein Rechtsgesch\u00e4ft zu Zwecken abschlie\u00dft, die \u00fcberwiegend weder ihrer gewerblichen noch ihrer selbst\u00e4ndigen beruflichen T\u00e4tigkeit zugerechnet werden k\u00f6nnen\u201c).<\/p>\n\n\n\n<p>3. Ma\u00dfgeblich ist ausschlie\u00dflich die zum Zeitpunkt Ihrer Bestellung auf meiner Website bereitgehaltene Fassung der Allgemeinen Gesch\u00e4ftsbedingungen.<\/p>\n\n\n\n<p><\/p>\n\n\n\n<p><strong>\u00a73 Vertragsabschluss<\/strong><\/p>\n\n\n\n<p>1. Die Darstellung der Produkte im Online-Shop stellt kein rechtlich bindendes Vertragsangebot dar. Durch Anklicken des Buttons &#8220;Jetzt kaufen&#8221; geben Sie ein verbindliches Angebot zum Kauf der im Warenkorb befindlichen Ware ab und sind mit der Geltung dieser Allgemeinen Gesch\u00e4ftsbedingungen einverstanden. Ein Kaufvertrag kommt erst durch Zusenden einer Bestellbest\u00e4tigung per E-Mail zustande.<\/p>\n\n\n\n<p>2. Der Vertragstext wird bei Bestellungen gespeichert. Sie erhalten eine E-Mail mit den Bestelldaten und den geltenden AGB. Nach Vertragsschluss sind die Bestelldaten nicht mehr online einsehbar.<\/p>\n\n\n\n<p>3. Ihr Angebot ist abgelehnt, wenn Sie nicht innerhalb von 5 Werktagen nach Absenden Ihrer Bestellung eine Versandbest\u00e4tigung von mir erhalten, oder wenn ich Ihre Bestellung per E-Mail ablehne.<\/p>\n\n\n\n<p>4. Die Auslieferung der bestellten Ware bei Vorkasse erfolgt erst nach Gutschrift der vollst\u00e4ndigen Summe auf dem genannten Konto. Die Zahlung ist sofort, l\u00e4ngstens aber innerhalb von 7 Kalendertagen ab Zugang der Bestellbest\u00e4tigung f\u00e4llig. Wenn Ihre Zahlung nicht innerhalb von 7 Kalendertagen nach Absendung der Bestellbest\u00e4tigung auf dem genannten Konto eingegangen ist, trete ich vom Vertrag zur\u00fcck mit der Folge, dass Ihre Bestellung hinf\u00e4llig ist und mich keine Lieferpflicht trifft. Eine Reservierung des Artikels erfolgt daher l\u00e4ngstens f\u00fcr 7 Kalendertage.<\/p>\n\n\n\n<p>5. Vertr\u00e4ge betreffend Artikel, die unter www.handgewebt.net angeboten werden, lassen sich ausschlie\u00dflich in deutscher Sprache schlie\u00dfen.<\/p>\n\n\n\n<p><\/p>\n\n\n\n<p><strong>\u00a74 Preise<\/strong><\/p>\n\n\n\n<p>1. Es gelten die Preise zum Zeitpunkt der Bestellung. Die im Shop genannten Preise verstehen sich einschlie\u00dflich der Mehrwertsteuer. Versandkosten werden zus\u00e4tzlich berechnet.<\/p>\n\n\n\n<p>2. Versandkosten<br>Der Versand erfolgt \u00fcber DHL, sowohl national als auch international.<br>Die Versandkosten f\u00fcr Lieferungen mit Transportversicherung und Sendungsverfolgung sind innerhalb Deutschlands frei. Die Versandkosten f\u00fcr Lieferungen mit Transportversicherung und Sendungsverfolgung betragen innerhalb der EU 9,00\u20ac.<br>Wir weisen ausdr\u00fccklich darauf hin, dass bei Sendungen au\u00dferhalb der EU zus\u00e4tzliche Zollgeb\u00fchren anfallen k\u00f6nnen.<\/p>\n\n\n\n<p><\/p>\n\n\n\n<p><strong>\u00a75 Zahlung<\/strong><\/p>\n\n\n\n<p>1. Sie k\u00f6nnen mit Vorkasse bezahlen. Mit der Bestellbest\u00e4tigung erhalten Sie die Angaben der Bankverbindung sowie <\/p>\n\n\n\n<p>den zu zahlenden Gesamtbetrag.<\/p>\n\n\n\n<p><strong>\u00a76 Lieferung<\/strong><\/p>\n\n\n\n<p>Ihre Bestellung wird innerhalb von 5 Werktagen nach Zahlungseingang bearbeitet und versendet. Sie erhalten eine Versandbenachrichtigung.<\/p>\n\n\n\n<p><\/p>\n\n\n\n<p><strong>\u00a77 Gefahren\u00fcbergang<\/strong><\/p>\n\n\n\n<p>Das Risiko einer zuf\u00e4lligen Verschlechterung oder einem zuf\u00e4lligen Verlust der Ware liegt bis zur \u00dcbergabe der Ware bei Handgewebt und geht mit der \u00dcbergabe auf den Verbraucher \u00fcber.<\/p>\n\n\n\n<p><\/p>\n\n\n\n<p><strong>\u00a78 Widerrufsrecht<\/strong><\/p>\n\n\n\n<p>Sie sind berechtigt den mit mir abgeschlossenen Vertrag zu widerrufen. Einzelheiten zu Ihrem Widerrufsrecht entnehmen Sie bitte der nachfolgenden Widerrufsbelehrung.<\/p>\n\n\n\n<p><\/p>\n\n\n\n<p><strong>Widerrufsbelehrung<\/strong><\/p>\n\n\n\n<p>Sie haben das Recht, binnen vierzehn Tagen ohne Angabe von Gr\u00fcnden diesen Vertrag zu widerrufen. Die Widerrufsfrist betr\u00e4gt 14 Tage ab dem Tag, an dem Sie oder ein von Ihnen benannter Dritter, der nicht der Bef\u00f6rderer ist, die Ware in Besitz genommen haben bzw. hat. Um Ihr R\u00fccktrittsrecht auszu\u00fcben, m\u00fcssen Sie mich mittels einer eindeutigen Erkl\u00e4rung (z. B. ein mit der Post versandter Brief oder eine E-Mail) \u00fcber Ihren Entschluss, diesen Vertrag zu widerrufen, informieren. Sie k\u00f6nnen das Muster-Widerrufsformular oder eine andere, eindeutige Erkl\u00e4rung auch \u00fcber das Kontaktformular auf meiner Webseite \u00fcbermitteln. Zur Wahrung der Widerrufsfrist gen\u00fcgt es, dass Sie die Mitteilung \u00fcber die Aus\u00fcbung des R\u00fccktrittsrechts vor Ablauf der R\u00fccktrittsfrist absenden an: Handgewebt, Sybille Heinz, Hofoldingerstr.2, 85635 H\u00f6henkirchen-Siegertsbrunn, Deutschland, E-Mail: info@handgewebt.net<\/p>\n\n\n\n<p><\/p>\n\n\n\n<p><strong>Folgen des Widerrufs<\/strong><\/p>\n\n\n\n<p>Wenn Sie diesen Vertrag widerrufen, haben Sie die Ware unverz\u00fcglich und in jedem Fall sp\u00e4testens binnen 14 Tagen ab dem Tag, an dem Sie mich \u00fcber den R\u00fccktritt von diesem Vertrag unterrichtet haben, an Sybille Heinz, Hofoldingerstr.2, 85635 H\u00f6henkirchen-Siegertsbrunn, zur\u00fcckzusenden oder zu \u00fcbergeben. Die Frist ist gewahrt, wenn Sie die Ware vor Ablauf der Frist von vierzehn Tagen absenden. Die R\u00fccksendung erfolgt ausschlie\u00dflich unfrei.<\/p>\n\n\n\n<p>Es kann nur Ware in einwandfreiem Zustand zur\u00fcckgenommen werden. Bei Verschmutzungen (auch geruchlicher), Besch\u00e4digungen oder Gebrauchsspuren wird eine R\u00fcckgabe nicht akzeptiert.<\/p>\n\n\n\n<p>Nach Erhalt der zur\u00fcckgesendeten, einwandfreien Ware erhalten Sie innerhalb von 7 Kalendertagen Ihre Zahlung abz\u00fcglich der Versandkosten.<\/p>\n\n\n\n<p><strong>Ende der Widerrufsbelehrung<\/strong><\/p>\n\n\n\n<p><\/p>\n\n\n\n<p><strong>Muster-Widerrufsformular<\/strong><\/p>\n\n\n\n<p>Das nachfolgende Muster-Widerrufsformular kann von Ihnen zur Aus\u00fcbung Ihres R\u00fccktrittsrechts benutzt werden. Die Benutzung des Formulars ist aber nicht vorgeschrieben.<\/p>\n\n\n\n<p><\/p>\n\n\n\n<p>An:<br>Sybille Heinz<br>Hofoldingerstr.2<br>85635 H\u00f6henkirchen-Siegertsbrunn<br>Deutschland<\/p>\n\n\n\n<p><\/p>\n\n\n\n<p>Hiermit widerrufe ich den von mir abgeschlossenen Vertrag \u00fcber den Kauf der folgenden Waren:<\/p>\n\n\n\n<p><\/p>\n\n\n\n<p>Bestellt am\/erhalten am:<\/p>\n\n\n\n<p>Name des\/der Verbraucher\/in:<\/p>\n\n\n\n<p>Anschrift des\/der Verbraucher\/in:<\/p>\n\n\n\n<p>Datum:<\/p>\n\n\n\n<p><\/p>\n\n\n\n<p>Bitte \u00fcberweisen Sie den Kaufpreis abz\u00fcglich der Versandkosten nach Erhalt der Ware auf folgendes Konto:<\/p>\n\n\n\n<p>Name des Kontoinhabers:<\/p>\n\n\n\n<p>IBAN:<\/p>\n\n\n\n<p>Kreditinstitut:<\/p>\n\n\n\n<p><\/p>\n\n\n\n<p><strong>\u00a79 R\u00fcckgaberichtlinien<\/strong><\/p>\n\n\n\n<p>Bitte stellen Sie sicher, dass alle Artikel neu, unbenutzt und in geeigneter Verpackung (am besten in der Originalverpackung) zur\u00fcckgegeben werden. R\u00fccksendungen, die besch\u00e4digt oder beschmutzt sind, werden nicht akzeptiert und werden ohne eine Erstattung der Kosten zur\u00fcckgeschickt.<\/p>\n\n\n\n<p><strong>Farben<\/strong><\/p>\n\n\n\n<p>Ich bin bem\u00fcht, die Farben der auf der Webseite vorgestellten Produkte so getreu wie m\u00f6glich wiederzugeben. Aufgrund der Vielfalt m\u00f6glicher Monitortechnologien und -einstellungen kann jedoch nicht garantiert werden, dass der Monitor Ihres Computers s\u00e4mtliche Farben zu 100 % korrekt darstellt.<\/p>\n\n\n\n<p><\/p>\n\n\n\n<p><strong>\u00a710 Umtausch<\/strong><\/p>\n\n\n\n<p>Der Umtausch eines Artikels in einen anderen Artikel ist nur nach pers\u00f6nlicher Absprache und schriftlicher Best\u00e4tigung m\u00f6glich.<\/p>\n\n\n\n<p><\/p>\n\n\n\n<p><strong>\u00a712 Eigentumsvorbehalt<\/strong><\/p>\n\n\n\n<p>Bis zur vollst\u00e4ndigen Bezahlung bleibt die Ware Eigentum von Sybille Heinz.<\/p>\n\n\n\n<p><\/p>\n\n\n\n<p><strong>\u00a713 Datenschutz<\/strong><\/p>\n\n\n\n<p>Informationen zum Datenschutz finden Sie in unserer <a href=\"\/?page_id=48\" target=\"_blank\" aria-label=\" (opens in a new tab)\" rel=\"noreferrer noopener\" class=\"rank-math-link\">Datenschutzerkl\u00e4rung<\/a>.<\/p>\n\n<div class=\"woocommerce woocommerce-gzd woocommerce-gzd-complaints-shortcode\">\n\t\t\t<h3>Alternative Streitbeilegung gem\u00e4\u00df Art. 14 Abs. 1 ODR-VO und \u00a7 36 VSBG:<\/h3>\n\t\nZur Teilnahme an einem Streitbeilegungsverfahren vor einer Verbraucherschlichtungsstelle sind wir nicht verpflichtet und nicht bereit.<\/div>","protected":false},"excerpt":{"rendered":"<p>\u00a71 Vertragspartner HandgewebtSybille HeinzHofoldingerstr.285635 H\u00f6henkirchen-SiegertsbrunnDeutschlandE-Mail: info@handgewebt.net \u00a72 Geltungsbereich meiner Allgemeinen Gesch\u00e4ftsbedingungen 1. F\u00fcr alle Vertr\u00e4ge die \u00fcber den Online-Shop handgewebt.net abgeschlossen werden, gelten ausschlie\u00dflich die nachfolgenden Allgemeinen Gesch\u00e4ftsbedingungen. Davon abweichende Regelungen werden ausschlie\u00dflich mit meinem schriftlichen Einverst\u00e4ndnis anerkannt. 2. Diese AGB gelten f\u00fcr alle Rechtsgesch\u00e4fte zwischen Handgewebt und einem Verbraucher (Gem\u00e4\u00df \u00a7 13 BGB einer [&hellip;]<\/p>\n","protected":false},"author":1,"featured_media":0,"parent":0,"menu_order":0,"comment_status":"closed","ping_status":"closed","template":"template-fullwidth.php","meta":{"footnotes":""},"class_list":["post-102","page","type-page","status-publish","hentry"],"_links":{"self":[{"href":"https:\/\/test.handgewebt.net\/index.php?rest_route=\/wp\/v2\/pages\/102","targetHints":{"allow":["GET"]}}],"collection":[{"href":"https:\/\/test.handgewebt.net\/index.php?rest_route=\/wp\/v2\/pages"}],"about":[{"href":"https:\/\/test.handgewebt.net\/index.php?rest_route=\/wp\/v2\/types\/page"}],"author":[{"embeddable":true,"href":"https:\/\/test.handgewebt.net\/index.php?rest_route=\/wp\/v2\/users\/1"}],"replies":[{"embeddable":true,"href":"https:\/\/test.handgewebt.net\/index.php?rest_route=%2Fwp%2Fv2%2Fcomments&post=102"}],"version-history":[{"count":15,"href":"https:\/\/test.handgewebt.net\/index.php?rest_route=\/wp\/v2\/pages\/102\/revisions"}],"predecessor-version":[{"id":1081,"href":"https:\/\/test.handgewebt.net\/index.php?rest_route=\/wp\/v2\/pages\/102\/revisions\/1081"}],"wp:attachment":[{"href":"https:\/\/test.handgewebt.net\/index.php?rest_route=%2Fwp%2Fv2%2Fmedia&parent=102"}],"curies":[{"name":"wp","href":"https:\/\/api.w.org\/{rel}","templated":true}]}}